{"id":5718,"date":"2025-06-17T14:34:23","date_gmt":"2025-06-17T12:34:23","guid":{"rendered":"https:\/\/cronopiosidiomas.com\/alloggio\/4-settimane-di-alloggio-vicalvaro\/"},"modified":"2025-07-01T15:31:01","modified_gmt":"2025-07-01T13:31:01","slug":"4-settimane-di-alloggio-vicalvaro","status":"publish","type":"page","link":"https:\/\/cronopiosidiomas.com\/it\/alloggio\/4-settimane-di-alloggio-vicalvaro\/","title":{"rendered":"4 settimane di alloggio vicalvaro"},"content":{"rendered":"\t\t<div data-elementor-type=\"wp-page\" data-elementor-id=\"5718\" class=\"elementor elementor-5718 elementor-4868\" data-elementor-post-type=\"page\">\n\t\t\t\t<div class=\"elementor-element elementor-element-cd141a0 e-con-full e-flex e-con e-parent\" data-id=\"cd141a0\" data-element_type=\"container\" data-e-type=\"container\" data-settings=\"{&quot;background_background&quot;:&quot;gradient&quot;}\">\n\t\t<div class=\"elementor-element elementor-element-3f0664b7 e-con-full e-flex e-con e-child\" data-id=\"3f0664b7\" data-element_type=\"container\" data-e-type=\"container\" data-settings=\"{&quot;background_background&quot;:&quot;classic&quot;}\">\n\t\t\t\t<div class=\"elementor-element elementor-element-3d55b514 elementor-widget elementor-widget-heading\" data-id=\"3d55b514\" data-element_type=\"widget\" data-e-type=\"widget\" data-widget_type=\"heading.default\">\n\t\t\t\t\t<p class=\"elementor-heading-title elementor-size-default\">Vic\u00e1lvaro<\/p>\t\t\t\t<\/div>\n\t\t\t\t<\/div>\n\t\t<div class=\"elementor-element elementor-element-7af7912c e-con-full e-flex e-con e-child\" data-id=\"7af7912c\" data-element_type=\"container\" data-e-type=\"container\" data-settings=\"{&quot;background_background&quot;:&quot;gradient&quot;,&quot;sticky&quot;:&quot;top&quot;,&quot;sticky_offset&quot;:100,&quot;sticky_offset_mobile&quot;:107,&quot;sticky_on&quot;:[&quot;desktop&quot;,&quot;tablet&quot;,&quot;mobile&quot;],&quot;sticky_effects_offset&quot;:0,&quot;sticky_anchor_link_offset&quot;:0}\">\n\t\t\t\t<\/div>\n\t\t\t\t<\/div>\n\t\t<div class=\"elementor-element elementor-element-9cb5770 e-flex e-con-boxed e-con e-parent\" data-id=\"9cb5770\" data-element_type=\"container\" data-e-type=\"container\" data-settings=\"{&quot;background_background&quot;:&quot;classic&quot;}\">\n\t\t\t\t\t<div class=\"e-con-inner\">\n\t\t<div class=\"elementor-element elementor-element-303ad1f2 e-con-full e-flex e-con e-child\" data-id=\"303ad1f2\" data-element_type=\"container\" data-e-type=\"container\" data-settings=\"{&quot;background_background&quot;:&quot;classic&quot;}\">\n\t\t<div class=\"elementor-element elementor-element-2b0242d6 e-con-full e-flex e-con e-child\" data-id=\"2b0242d6\" data-element_type=\"container\" data-e-type=\"container\">\n\t\t<div class=\"elementor-element elementor-element-6a4f18d9 e-con-full e-flex e-con e-child\" data-id=\"6a4f18d9\" data-element_type=\"container\" data-e-type=\"container\">\n\t\t<div class=\"elementor-element elementor-element-29ed5c39 e-con-full e-flex e-con e-child\" data-id=\"29ed5c39\" data-element_type=\"container\" data-e-type=\"container\">\n\t\t\t\t<div class=\"elementor-element elementor-element-3cfaa0a7 elementor-view-default elementor-widget elementor-widget-icon\" data-id=\"3cfaa0a7\" data-element_type=\"widget\" data-e-type=\"widget\" data-widget_type=\"icon.default\">\n\t\t\t\t\t\t\t<div class=\"elementor-icon-wrapper\">\n\t\t\t<div class=\"elementor-icon\">\n\t\t\t<svg xmlns=\"http:\/\/www.w3.org\/2000\/svg\" id=\"b\" viewBox=\"0 0 447.91 102.25\"><g id=\"c\"><path d=\"M292.28,14.9c5.98-3.94,3.52-11.06-1.13-14.9h-6.75c-10.29,5.9-2.28,21.59,7.88,14.9Z\"><\/path><path d=\"M244.66,1.49h-26.62c-.08,0-1.12,1.04-1.12,1.12v10.8h13.5v26.06c-3.83-2.26-7.12-5.65-11.25-7.45-32.3-14.08-58.15,24.18-43.36,52.35,7.95,15.14,28.93,21.12,44.11,13.92,3.92-1.86,7.1-4.85,10.49-7.45v9.68h26.26v-12.66h-12V1.49ZM217.66,87.86c-2.54,1.02-8.09,1.65-10.86,1.48-1.97-.12-10.03-2.21-11.42-3.19-1.7-1.19-5.93-7.82-6.79-10.01-5.72-14.62,1.54-33.93,19.02-34.37,1.02-.03,10.08,1.15,10.8,1.41.55.2,6.83,6.17,7.5,7.07,8.07,10.95,5.1,32.27-8.25,37.6Z\"><\/path><path d=\"M111.91,31.27c-37.2,10.86-31.6,67.25,6,70.73,60.85,5.64,51.32-87.47-6-70.73ZM120.91,89.35c-18.69-1.43-25.4-26.57-13.52-39.85,1.14-1.28,5.43-5.05,6.77-5.57,7.98-3.07,19.55-.63,25.13,5.95,12.84,15.13,2.88,41.09-18.38,39.47Z\"><\/path><path d=\"M294.91,87.86V31.27h-24.75v12.66h10.5v43.93h-10.5v12.66h34.88c1.54,0,1.56-10.87.8-11.96-1.06-1.51-8.71-.33-10.92-.7Z\"><\/path><path d=\"M342.16,58.08c-5.76-1.19-17.15-2.8-12.65-11.45,2.22-4.28,8.27-5.15,12.65-4.93,5.13.26,12.33,3.61,14.28,8.53.51,1.29.5,4.13.72,4.13h12v-23.08c-2.95.29-6.49-.43-9.34.04-1.92.32-3.17,2.07-4.4,2.04-2.82-.07-9.05-2.67-13.26-2.82-10.61-.38-22.46,3.01-25.89,14.13-4.51,14.62,6.84,23.41,19.7,26.64,1.6.4,3.48-.11,4.69.18,3.45.83,8.35,1.79,11.65,2.95,8.41,2.97,8.46,10.99.57,14.02-10.34,3.97-24.28.55-25.72-11.76h-11.25v23.83h12c.15,0-.12-2.47,0-2.98.75-.79,6.61,2.54,8.05,2.81,18.18,3.35,39.31-1.99,36-24.57-2.24-15.3-18.17-15.29-29.8-17.69Z\"><\/path><path d=\"M79.28,87.86h-10.88v-43.56c0-.29-1.77-4.74-2.1-5.36-4.45-8.51-14.14-9.21-22.65-7.67-6.42,1.17-11.82,4.85-17.24,8.19v-8.19H1.28c-1.71,0-1.71,12.66,0,12.66h10.88v43.93H1.28c-1.71,0-1.71,12.66,0,12.66h37.12v-12.66h-12v-36.11c4.15-2.87,13.16-8.77,18-9.31,4.45-.49,9,2.59,9.7,7.12.47,3.06.68,9.16.83,12.58.56,12.74-.48,25.63-.03,38.38h24.38c1.71,0,1.71-12.66,0-12.66Z\"><\/path><path d=\"M399.9,44.67v6.7h21.75v-6.7s-6.75,0-6.75,0v-21.22c0-.86,12.51-8.72,15.18-2.41.57,1.36,1.39,10.11,1.39,12.09,0,5.64-1.66,12.28-.82,18.24h15.75c1.96-9.9-5.6-5.55-6.75-6.7-1.04-1.04,1.64-23.29-1.91-29.01-4.77-7.7-16.68-3.84-22.83-.03-.16-.81.2-3.51,0-3.72-.53-.53-12.9.4-15,0v6.7s6.75,0,6.75,0v26.06h-6.75Z\"><\/path><rect x=\"396.91\" y=\"64.03\" width=\"51\" height=\"6.7\"><\/rect><\/g><\/svg>\t\t\t<\/div>\n\t\t<\/div>\n\t\t\t\t\t\t<\/div>\n\t\t\t\t<div class=\"elementor-element elementor-element-1ae9e67e elementor-widget elementor-widget-heading\" data-id=\"1ae9e67e\" data-element_type=\"widget\" data-e-type=\"widget\" data-widget_type=\"heading.default\">\n\t\t\t\t\t<p class=\"elementor-heading-title elementor-size-default\">Programma di 4 settimane<\/p>\t\t\t\t<\/div>\n\t\t\t\t<\/div>\n\t\t\t\t<div class=\"elementor-element elementor-element-1d18705c elementor-widget elementor-widget-text-editor\" data-id=\"1d18705c\" data-element_type=\"widget\" data-e-type=\"widget\" data-widget_type=\"text-editor.default\">\n\t\t\t\t\t\t\t\t\tTrascorri 4 settimane a Madrid imparando lo spagnolo attraverso lezioni di gruppo dinamiche e immergendoti nella cultura locale, il tutto godendo di un soggiorno confortevole in uno studio privato.\t\t\t\t\t\t\t\t<\/div>\n\t\t<div class=\"elementor-element elementor-element-3ec68fda e-con-full e-flex e-con e-child\" data-id=\"3ec68fda\" data-element_type=\"container\" data-e-type=\"container\">\n\t\t\t\t<div class=\"elementor-element elementor-element-2f8351eb elementor-widget-mobile__width-initial elementor-widget elementor-widget-button\" data-id=\"2f8351eb\" data-element_type=\"widget\" data-e-type=\"widget\" data-widget_type=\"button.default\">\n\t\t\t\t\t\t\t\t\t\t<a class=\"elementor-button elementor-button-link elementor-size-sm\" href=\"https:\/\/cronopiosidiomas.com\/it\/contattaci\/\">\n\t\t\t\t\t\t<span class=\"elementor-button-content-wrapper\">\n\t\t\t\t\t\t\t\t\t<span class=\"elementor-button-text\">Parliamo!<\/span>\n\t\t\t\t\t<\/span>\n\t\t\t\t\t<\/a>\n\t\t\t\t\t\t\t\t<\/div>\n\t\t\t\t<div class=\"elementor-element elementor-element-606489d5 elementor-widget-mobile__width-initial elementor-widget elementor-widget-text-editor\" data-id=\"606489d5\" data-element_type=\"widget\" data-e-type=\"widget\" data-widget_type=\"text-editor.default\">\n\t\t\t\t\t\t\t\t\t<p><a href=\"#pricing\">Verifica i prezzi<\/a><\/p>\t\t\t\t\t\t\t\t<\/div>\n\t\t\t\t<\/div>\n\t\t\t\t<\/div>\n\t\t<div class=\"elementor-element elementor-element-319862a0 e-con-full e-flex e-con e-child\" data-id=\"319862a0\" data-element_type=\"container\" data-e-type=\"container\" data-settings=\"{&quot;background_background&quot;:&quot;classic&quot;}\">\n\t\t\t\t<\/div>\n\t\t\t\t<\/div>\n\t\t\t\t<\/div>\n\t\t<div class=\"elementor-element elementor-element-6a71b02 e-con-full e-flex e-con e-child\" data-id=\"6a71b02\" data-element_type=\"container\" data-e-type=\"container\" data-settings=\"{&quot;background_background&quot;:&quot;classic&quot;}\">\n\t\t<div class=\"elementor-element elementor-element-78e75cf3 e-con-full e-flex e-con e-child\" data-id=\"78e75cf3\" data-element_type=\"container\" data-e-type=\"container\">\n\t\t\t\t<div class=\"elementor-element elementor-element-223fc9ef elementor-widget elementor-widget-text-editor\" data-id=\"223fc9ef\" data-element_type=\"widget\" data-e-type=\"widget\" data-widget_type=\"text-editor.default\">\n\t\t\t\t\t\t\t\t\t<p>15 o 20 lezioni di gruppo di spagnolo a settimana<\/p>\t\t\t\t\t\t\t\t<\/div>\n\t\t\t\t<div class=\"elementor-element elementor-element-6d31cada elementor-widget elementor-widget-text-editor\" data-id=\"6d31cada\" data-element_type=\"widget\" data-e-type=\"widget\" data-widget_type=\"text-editor.default\">\n\t\t\t\t\t\t\t\t\tImpara lo spagnolo in piccoli gruppi di 8-12 studenti per un&#8217;esperienza pi\u00f9 mirata e personalizzata. Ogni lezione dura 50 minuti ed \u00e8 condotta da insegnanti madrelingua esperti. I nuovi corsi di spagnolo per principianti iniziano ogni luned\u00ec.\t\t\t\t\t\t\t\t<\/div>\n\t\t\t\t<\/div>\n\t\t<div class=\"elementor-element elementor-element-7221236b e-con-full e-flex e-con e-child\" data-id=\"7221236b\" data-element_type=\"container\" data-e-type=\"container\">\n\t\t\t\t<div class=\"elementor-element elementor-element-461d48a5 elementor-widget elementor-widget-text-editor\" data-id=\"461d48a5\" data-element_type=\"widget\" data-e-type=\"widget\" data-widget_type=\"text-editor.default\">\n\t\t\t\t\t\t\t\t\t<p>Accesso al nostro Campus online<\/p>\t\t\t\t\t\t\t\t<\/div>\n\t\t\t\t<div class=\"elementor-element elementor-element-252d5f9a elementor-widget elementor-widget-text-editor\" data-id=\"252d5f9a\" data-element_type=\"widget\" data-e-type=\"widget\" data-widget_type=\"text-editor.default\">\n\t\t\t\t\t\t\t\t\tRimani connesso al tuo apprendimento al di fuori della classe con la nostra piattaforma online, dove troverai risorse extra, compiti a casa e supporto da parte degli insegnanti. \u00c8 disponibile 24 ore su 24, 7 giorni su 7, quindi puoi rivedere i contenuti e monitorare i tuoi progressi in qualsiasi momento. \t\t\t\t\t\t\t\t<\/div>\n\t\t\t\t<\/div>\n\t\t\t\t<\/div>\n\t\t<div class=\"elementor-element elementor-element-50b6bf77 e-con-full e-flex e-con e-child\" data-id=\"50b6bf77\" data-element_type=\"container\" data-e-type=\"container\" data-settings=\"{&quot;background_background&quot;:&quot;classic&quot;}\">\n\t\t<div class=\"elementor-element elementor-element-b7a90bb e-con-full e-flex e-con e-child\" data-id=\"b7a90bb\" data-element_type=\"container\" data-e-type=\"container\">\n\t\t\t\t<div class=\"elementor-element elementor-element-4c87ea0c elementor-widget elementor-widget-text-editor\" data-id=\"4c87ea0c\" data-element_type=\"widget\" data-e-type=\"widget\" data-widget_type=\"text-editor.default\">\n\t\t\t\t\t\t\t\t\t<p>Attivit\u00e0 culturali settimanali<\/p>\t\t\t\t\t\t\t\t<\/div>\n\t\t\t\t<div class=\"elementor-element elementor-element-79ca1dc9 elementor-widget elementor-widget-text-editor\" data-id=\"79ca1dc9\" data-element_type=\"widget\" data-e-type=\"widget\" data-widget_type=\"text-editor.default\">\n\t\t\t\t\t\t\t\t\t<p>Partecipa a esperienze culturali settimanali pensate per integrare le lezioni e aiutarti a praticare lo spagnolo in contesti sociali autentici. Dalle visite guidate della citt\u00e0 ai laboratori locali, esplorerai Madrid utilizzando il tuo spagnolo. <\/p>\t\t\t\t\t\t\t\t<\/div>\n\t\t\t\t<\/div>\n\t\t<div class=\"elementor-element elementor-element-10335306 e-con-full e-flex e-con e-child\" data-id=\"10335306\" data-element_type=\"container\" data-e-type=\"container\">\n\t\t\t\t<div class=\"elementor-element elementor-element-3d6befcf elementor-widget elementor-widget-text-editor\" data-id=\"3d6befcf\" data-element_type=\"widget\" data-e-type=\"widget\" data-widget_type=\"text-editor.default\">\n\t\t\t\t\t\t\t\t\t<p>12 mesi di accesso a Campus Difusi\u00f3n<\/p>\t\t\t\t\t\t\t\t<\/div>\n\t\t\t\t<div class=\"elementor-element elementor-element-f706c7e elementor-widget elementor-widget-text-editor\" data-id=\"f706c7e\" data-element_type=\"widget\" data-e-type=\"widget\" data-widget_type=\"text-editor.default\">\n\t\t\t\t\t\t\t\t\t<p>Goditi l&#8217;accesso per un anno a Campus Difusi\u00f3n, una risorsa online di prim&#8217;ordine ricca di esercizi interattivi di spagnolo, video e libri digitali creati da esperti di apprendimento linguistico. \u00c8 un ottimo modo per continuare a studiare anche dopo la fine del corso. <\/p>\t\t\t\t\t\t\t\t<\/div>\n\t\t\t\t<\/div>\n\t\t\t\t<\/div>\n\t\t\t\t\t<\/div>\n\t\t\t\t<\/div>\n\t\t<div class=\"elementor-element elementor-element-65e6c8b2 e-flex e-con-boxed e-con e-parent\" data-id=\"65e6c8b2\" data-element_type=\"container\" data-e-type=\"container\" data-settings=\"{&quot;background_background&quot;:&quot;classic&quot;}\">\n\t\t\t\t\t<div class=\"e-con-inner\">\n\t\t<div class=\"elementor-element elementor-element-6c28efe2 e-con-full e-flex e-con e-child\" data-id=\"6c28efe2\" data-element_type=\"container\" data-e-type=\"container\" data-settings=\"{&quot;background_background&quot;:&quot;classic&quot;}\">\n\t\t<div class=\"elementor-element elementor-element-a696daf e-con-full e-flex e-con e-child\" data-id=\"a696daf\" data-element_type=\"container\" data-e-type=\"container\">\n\t\t\t\t<div class=\"elementor-element elementor-element-371676ef elementor-widget elementor-widget-heading\" data-id=\"371676ef\" data-element_type=\"widget\" data-e-type=\"widget\" data-widget_type=\"heading.default\">\n\t\t\t\t\t<h2 class=\"elementor-heading-title elementor-size-default\">Comode opzioni di alloggio a Madrid\n<\/h2>\t\t\t\t<\/div>\n\t\t\t\t<div class=\"elementor-element elementor-element-20ab55d4 elementor-widget elementor-widget-text-editor\" data-id=\"20ab55d4\" data-element_type=\"widget\" data-e-type=\"widget\" data-widget_type=\"text-editor.default\">\n\t\t\t\t\t\t\t\t\tScegli tra un monolocale privato con angolo cottura, letto XL, Smart TV e bagno privato o un appartamento condiviso con due o tre camere singole, bagni in comune e un&#8217;accogliente area comune con Smart TV e angolo cottura. Entrambe le opzioni sono completamente attrezzate per un soggiorno confortevole nel cuore di Madrid.\n\n\n\t\t\t\t\t\t\t\t<\/div>\n\t\t<div class=\"elementor-element elementor-element-46adb029 e-con-full e-flex e-con e-child\" data-id=\"46adb029\" data-element_type=\"container\" data-e-type=\"container\">\n\t\t<div class=\"elementor-element elementor-element-12126170 e-con-full e-flex e-con e-child\" data-id=\"12126170\" data-element_type=\"container\" data-e-type=\"container\" data-settings=\"{&quot;background_background&quot;:&quot;classic&quot;}\">\n\t\t\t\t<\/div>\n\t\t<div class=\"elementor-element elementor-element-3a05252a e-con-full e-flex e-con e-child\" data-id=\"3a05252a\" data-element_type=\"container\" data-e-type=\"container\" data-settings=\"{&quot;background_background&quot;:&quot;classic&quot;}\">\n\t\t\t\t<\/div>\n\t\t<div class=\"elementor-element elementor-element-17b472a2 e-con-full e-flex e-con e-child\" data-id=\"17b472a2\" data-element_type=\"container\" data-e-type=\"container\" data-settings=\"{&quot;background_background&quot;:&quot;classic&quot;}\">\n\t\t\t\t<\/div>\n\t\t\t\t<\/div>\n\t\t\t\t<\/div>\n\t\t<div class=\"elementor-element elementor-element-267808ea e-con-full e-flex e-con e-child\" data-id=\"267808ea\" data-element_type=\"container\" data-e-type=\"container\">\n\t\t<div class=\"elementor-element elementor-element-96c3e59 e-con-full e-flex e-con e-child\" data-id=\"96c3e59\" data-element_type=\"container\" data-e-type=\"container\">\n\t\t\t\t<div class=\"elementor-element elementor-element-321fb708 elementor-widget__width-inherit elementor-widget elementor-widget-text-editor\" data-id=\"321fb708\" data-element_type=\"widget\" data-e-type=\"widget\" data-widget_type=\"text-editor.default\">\n\t\t\t\t\t\t\t\t\t<p>Studio privato:<\/p>\t\t\t\t\t\t\t\t<\/div>\n\t\t\t\t<div class=\"elementor-element elementor-element-636e5d72 elementor-widget-mobile__width-inherit elementor-widget elementor-widget-text-editor\" data-id=\"636e5d72\" data-element_type=\"widget\" data-e-type=\"widget\" data-widget_type=\"text-editor.default\">\n\t\t\t\t\t\t\t\t\t<ul><li><strong>Bagno privato<\/strong><\/li><li><strong>Angolo cottura<\/strong><\/li><li><strong>Smart TV<\/strong><\/li><\/ul>\t\t\t\t\t\t\t\t<\/div>\n\t\t\t\t<div class=\"elementor-element elementor-element-5ca4ce90 elementor-widget-mobile__width-inherit elementor-widget elementor-widget-text-editor\" data-id=\"5ca4ce90\" data-element_type=\"widget\" data-e-type=\"widget\" data-widget_type=\"text-editor.default\">\n\t\t\t\t\t\t\t\t\t<ul><li><strong>Letto XL con biancheria<\/strong><\/li><li><strong>Stoviglie e utensili da cucina<\/strong><\/li><li><strong>Servizio di pulizia alla fine del soggiorno<\/strong><\/li><\/ul>\t\t\t\t\t\t\t\t<\/div>\n\t\t\t\t<\/div>\n\t\t<div class=\"elementor-element elementor-element-465ae6d2 e-con-full e-flex e-con e-child\" data-id=\"465ae6d2\" data-element_type=\"container\" data-e-type=\"container\">\n\t\t\t\t<div class=\"elementor-element elementor-element-66d7644c elementor-widget__width-inherit elementor-widget elementor-widget-text-editor\" data-id=\"66d7644c\" data-element_type=\"widget\" data-e-type=\"widget\" data-widget_type=\"text-editor.default\">\n\t\t\t\t\t\t\t\t\t<p>Servizi del residence:<\/p>\t\t\t\t\t\t\t\t<\/div>\n\t\t\t\t<div class=\"elementor-element elementor-element-766b01b6 elementor-widget-mobile__width-inherit elementor-widget elementor-widget-text-editor\" data-id=\"766b01b6\" data-element_type=\"widget\" data-e-type=\"widget\" data-widget_type=\"text-editor.default\">\n\t\t\t\t\t\t\t\t\t<ul>\n \t<li><strong>Laboratorio alimentare<\/strong><\/li>\n \t<li><strong>Sala studio<\/strong><\/li>\n \t<li><strong>WiFi<\/strong><\/li>\n<\/ul>\t\t\t\t\t\t\t\t<\/div>\n\t\t\t\t<div class=\"elementor-element elementor-element-4707946 elementor-widget-mobile__width-inherit elementor-widget elementor-widget-text-editor\" data-id=\"4707946\" data-element_type=\"widget\" data-e-type=\"widget\" data-widget_type=\"text-editor.default\">\n\t\t\t\t\t\t\t\t\t<ul>\n \t<li><strong>Biblioteca<\/strong><\/li>\n \t<li><strong>Palestra<\/strong><\/li>\n \t<li><strong>Gaming Zone<\/strong><\/li>\n<\/ul>\t\t\t\t\t\t\t\t<\/div>\n\t\t\t\t<div class=\"elementor-element elementor-element-7736bdcd elementor-widget-mobile__width-inherit elementor-widget elementor-widget-text-editor\" data-id=\"7736bdcd\" data-element_type=\"widget\" data-e-type=\"widget\" data-widget_type=\"text-editor.default\">\n\t\t\t\t\t\t\t\t\t<ul>\n \t<li><strong>Cinema<\/strong><\/li>\n \t<li><strong>Terrazza<\/strong><\/li>\n \t<li><strong>Lavanderia self-service<\/strong><\/li>\n<\/ul>\t\t\t\t\t\t\t\t<\/div>\n\t\t\t\t<div class=\"elementor-element elementor-element-7c6055ab elementor-widget__width-inherit elementor-widget elementor-widget-text-editor\" data-id=\"7c6055ab\" data-element_type=\"widget\" data-e-type=\"widget\" data-widget_type=\"text-editor.default\">\n\t\t\t\t\t\t\t\t\t<p>Il residence dispone anche di una<strong> cucina condivisa nel corridoio<\/strong>, un grande vantaggio che ti permette di essere indipendente, di risparmiare e di cucinare secondo i tuoi orari.<\/p>\t\t\t\t\t\t\t\t<\/div>\n\t\t\t\t<\/div>\n\t\t\t\t<\/div>\n\t\t\t\t<\/div>\n\t\t\t\t<div class=\"elementor-element elementor-element-46c38302 elementor-widget elementor-widget-menu-anchor\" data-id=\"46c38302\" data-element_type=\"widget\" data-e-type=\"widget\" data-widget_type=\"menu-anchor.default\">\n\t\t\t\t\t\t\t<div class=\"elementor-menu-anchor\" id=\"Prezzi\"><\/div>\n\t\t\t\t\t\t<\/div>\n\t\t\t\t\t<\/div>\n\t\t\t\t<\/div>\n\t\t<div class=\"elementor-element elementor-element-6cca251c e-flex e-con-boxed e-con e-parent\" data-id=\"6cca251c\" data-element_type=\"container\" data-e-type=\"container\" data-settings=\"{&quot;background_background&quot;:&quot;classic&quot;}\">\n\t\t\t\t\t<div class=\"e-con-inner\">\n\t\t<div class=\"elementor-element elementor-element-17904032 e-con-full e-flex e-con e-child\" data-id=\"17904032\" data-element_type=\"container\" data-e-type=\"container\" data-settings=\"{&quot;background_background&quot;:&quot;classic&quot;}\">\n\t\t<div class=\"elementor-element elementor-element-cf81db0 e-con-full e-flex e-con e-child\" data-id=\"cf81db0\" data-element_type=\"container\" data-e-type=\"container\">\n\t\t\t\t<div class=\"elementor-element elementor-element-d5a368d elementor-widget elementor-widget-heading\" data-id=\"d5a368d\" data-element_type=\"widget\" data-e-type=\"widget\" data-widget_type=\"heading.default\">\n\t\t\t\t\t<h2 class=\"elementor-heading-title elementor-size-default\">Prezzi<\/h2>\t\t\t\t<\/div>\n\t\t<div class=\"elementor-element elementor-element-73b4f3b1 e-con-full e-flex e-con e-child\" data-id=\"73b4f3b1\" data-element_type=\"container\" data-e-type=\"container\">\n\t\t<div class=\"elementor-element elementor-element-2c8e70aa e-con-full e-flex e-con e-child\" data-id=\"2c8e70aa\" data-element_type=\"container\" data-e-type=\"container\" data-settings=\"{&quot;background_background&quot;:&quot;classic&quot;}\">\n\t\t\t\t<div class=\"elementor-element elementor-element-147fec93 elementor-widget-mobile__width-initial elementor-widget__width-initial elementor-widget elementor-widget-text-editor\" data-id=\"147fec93\" data-element_type=\"widget\" data-e-type=\"widget\" data-widget_type=\"text-editor.default\">\n\t\t\t\t\t\t\t\t\t<p><span style=\"text-decoration: underline;\">15<\/span> lezioni di gruppo di spagnolo a settimana<\/p>\t\t\t\t\t\t\t\t<\/div>\n\t\t\t\t<div class=\"elementor-element elementor-element-43b31197 elementor-widget__width-inherit elementor-widget elementor-widget-text-editor\" data-id=\"43b31197\" data-element_type=\"widget\" data-e-type=\"widget\" data-widget_type=\"text-editor.default\">\n\t\t\t\t\t\t\t\t\t<p>1,670 \u20ac<\/p>\t\t\t\t\t\t\t\t<\/div>\n\t\t\t\t<div class=\"elementor-element elementor-element-64ce6c89 elementor-widget-mobile__width-initial elementor-widget__width-initial elementor-widget elementor-widget-text-editor\" data-id=\"64ce6c89\" data-element_type=\"widget\" data-e-type=\"widget\" data-widget_type=\"text-editor.default\">\n\t\t\t\t\t\t\t\t\tPagamento unico\t\t\t\t\t\t\t\t<\/div>\n\t\t\t\t<\/div>\n\t\t<div class=\"elementor-element elementor-element-4469bab7 e-con-full e-flex e-con e-child\" data-id=\"4469bab7\" data-element_type=\"container\" data-e-type=\"container\" data-settings=\"{&quot;background_background&quot;:&quot;classic&quot;}\">\n\t\t\t\t<div class=\"elementor-element elementor-element-577a1238 elementor-widget-mobile__width-initial elementor-widget__width-initial elementor-widget elementor-widget-text-editor\" data-id=\"577a1238\" data-element_type=\"widget\" data-e-type=\"widget\" data-widget_type=\"text-editor.default\">\n\t\t\t\t\t\t\t\t\t<p><span style=\"text-decoration: underline;\">20<\/span> lezioni di gruppo di spagnolo a settimana<\/p>\t\t\t\t\t\t\t\t<\/div>\n\t\t\t\t<div class=\"elementor-element elementor-element-75df02eb elementor-widget__width-inherit elementor-widget elementor-widget-text-editor\" data-id=\"75df02eb\" data-element_type=\"widget\" data-e-type=\"widget\" data-widget_type=\"text-editor.default\">\n\t\t\t\t\t\t\t\t\t<p>1,790 \u20ac<\/p>\t\t\t\t\t\t\t\t<\/div>\n\t\t\t\t<div class=\"elementor-element elementor-element-7465c1f1 elementor-widget-mobile__width-initial elementor-widget__width-initial elementor-widget elementor-widget-text-editor\" data-id=\"7465c1f1\" data-element_type=\"widget\" data-e-type=\"widget\" data-widget_type=\"text-editor.default\">\n\t\t\t\t\t\t\t\t\tPagamento unico\t\t\t\t\t\t\t\t<\/div>\n\t\t\t\t<\/div>\n\t\t\t\t<\/div>\n\t\t<div class=\"elementor-element elementor-element-789bd9df e-con-full e-flex e-con e-child\" data-id=\"789bd9df\" data-element_type=\"container\" data-e-type=\"container\">\n\t\t\t\t<div class=\"elementor-element elementor-element-896b948 elementor-widget__width-inherit elementor-widget elementor-widget-text-editor\" data-id=\"896b948\" data-element_type=\"widget\" data-e-type=\"widget\" data-widget_type=\"text-editor.default\">\n\t\t\t\t\t\t\t\t\t<p>Il residence richiede un deposito di 100\u20ac, rimborsabile alla fine del soggiorno.<br>Il prezzo include il primo libro di grammatica e un pacchetto di benvenuto.<\/p>\t\t\t\t\t\t\t\t<\/div>\n\t\t\t\t<\/div>\n\t\t\t\t<\/div>\n\t\t\t\t<\/div>\n\t\t\t\t\t<\/div>\n\t\t\t\t<\/div>\n\t\t<div class=\"elementor-element elementor-element-77921af e-flex e-con-boxed e-con e-parent\" data-id=\"77921af\" data-element_type=\"container\" data-e-type=\"container\">\n\t\t\t\t\t<div class=\"e-con-inner\">\n\t\t\t\t<div class=\"elementor-element elementor-element-256588f9 elementor-align-center elementor-widget elementor-widget-button\" data-id=\"256588f9\" data-element_type=\"widget\" data-e-type=\"widget\" data-widget_type=\"button.default\">\n\t\t\t\t\t\t\t\t\t\t<a class=\"elementor-button elementor-button-link elementor-size-sm\" href=\"https:\/\/cronopiosidiomas.com\/it\/modulo-di-iscrizione\/\">\n\t\t\t\t\t\t<span class=\"elementor-button-content-wrapper\">\n\t\t\t\t\t\t\t\t\t<span class=\"elementor-button-text\">Prenota ora<\/span>\n\t\t\t\t\t<\/span>\n\t\t\t\t\t<\/a>\n\t\t\t\t\t\t\t\t<\/div>\n\t\t\t\t<div class=\"elementor-element elementor-element-2dd36805 elementor-widget elementor-widget-text-editor\" data-id=\"2dd36805\" data-element_type=\"widget\" data-e-type=\"widget\" data-widget_type=\"text-editor.default\">\n\t\t\t\t\t\t\t\t\t<p><a href=\"https:\/\/cronopiosidiomas.com\/it\/contattaci\/\">Contatta il nostro consulente per gli alloggi degli studenti \u2192<\/a><\/p>\t\t\t\t\t\t\t\t<\/div>\n\t\t\t\t\t<\/div>\n\t\t\t\t<\/div>\n\t\t\t\t<\/div>\n\t\t","protected":false},"excerpt":{"rendered":"<p>Trascorri 4 settimane a Madrid imparando lo spagnolo attraverso lezioni di gruppo dinamiche e immergendoti nella cultura locale, il tutto godendo di un soggiorno confortevole in uno studio privato.<\/p>\n","protected":false},"author":3,"featured_media":5501,"parent":5645,"menu_order":0,"comment_status":"closed","ping_status":"closed","template":"elementor_header_footer","meta":{"footnotes":""},"class_list":["post-5718","page","type-page","status-publish","has-post-thumbnail","hentry"],"_links":{"self":[{"href":"https:\/\/cronopiosidiomas.com\/it\/wp-json\/wp\/v2\/pages\/5718","targetHints":{"allow":["GET"]}}],"collection":[{"href":"https:\/\/cronopiosidiomas.com\/it\/wp-json\/wp\/v2\/pages"}],"about":[{"href":"https:\/\/cronopiosidiomas.com\/it\/wp-json\/wp\/v2\/types\/page"}],"author":[{"embeddable":true,"href":"https:\/\/cronopiosidiomas.com\/it\/wp-json\/wp\/v2\/users\/3"}],"replies":[{"embeddable":true,"href":"https:\/\/cronopiosidiomas.com\/it\/wp-json\/wp\/v2\/comments?post=5718"}],"version-history":[{"count":1,"href":"https:\/\/cronopiosidiomas.com\/it\/wp-json\/wp\/v2\/pages\/5718\/revisions"}],"predecessor-version":[{"id":5719,"href":"https:\/\/cronopiosidiomas.com\/it\/wp-json\/wp\/v2\/pages\/5718\/revisions\/5719"}],"up":[{"embeddable":true,"href":"https:\/\/cronopiosidiomas.com\/it\/wp-json\/wp\/v2\/pages\/5645"}],"wp:featuredmedia":[{"embeddable":true,"href":"https:\/\/cronopiosidiomas.com\/it\/wp-json\/wp\/v2\/media\/5501"}],"wp:attachment":[{"href":"https:\/\/cronopiosidiomas.com\/it\/wp-json\/wp\/v2\/media?parent=5718"}],"curies":[{"name":"wp","href":"https:\/\/api.w.org\/{rel}","templated":true}]}}