{"id":5705,"date":"2025-06-13T17:10:42","date_gmt":"2025-06-13T15:10:42","guid":{"rendered":"https:\/\/cronopiosidiomas.com\/alloggio\/2-settimane-alloggio-vicalvaro\/"},"modified":"2025-07-01T15:31:01","modified_gmt":"2025-07-01T13:31:01","slug":"2-settimane-alloggio-vicalvaro","status":"publish","type":"page","link":"https:\/\/cronopiosidiomas.com\/it\/alloggio\/2-settimane-alloggio-vicalvaro\/","title":{"rendered":"2 settimane alloggio vicalvaro"},"content":{"rendered":"\t\t<div data-elementor-type=\"wp-page\" data-elementor-id=\"5705\" class=\"elementor elementor-5705 elementor-4771\" data-elementor-post-type=\"page\">\n\t\t\t\t<div class=\"elementor-element elementor-element-6e8d284 e-con-full e-flex e-con e-parent\" data-id=\"6e8d284\" data-element_type=\"container\" data-e-type=\"container\" data-settings=\"{&quot;background_background&quot;:&quot;gradient&quot;}\">\n\t\t<div class=\"elementor-element elementor-element-1510d24 e-con-full e-flex e-con e-child\" data-id=\"1510d24\" data-element_type=\"container\" data-e-type=\"container\" data-settings=\"{&quot;background_background&quot;:&quot;classic&quot;}\">\n\t\t\t\t<div class=\"elementor-element elementor-element-b7b7f37 elementor-widget elementor-widget-heading\" data-id=\"b7b7f37\" data-element_type=\"widget\" data-e-type=\"widget\" data-widget_type=\"heading.default\">\n\t\t\t\t\t<p class=\"elementor-heading-title elementor-size-default\">Vic\u00e1lvaro<\/p>\t\t\t\t<\/div>\n\t\t\t\t<\/div>\n\t\t<div class=\"elementor-element elementor-element-1237c8b e-con-full e-flex e-con e-child\" data-id=\"1237c8b\" data-element_type=\"container\" data-e-type=\"container\" data-settings=\"{&quot;background_background&quot;:&quot;gradient&quot;,&quot;sticky&quot;:&quot;top&quot;,&quot;sticky_offset&quot;:100,&quot;sticky_offset_mobile&quot;:107,&quot;sticky_on&quot;:[&quot;desktop&quot;,&quot;tablet&quot;,&quot;mobile&quot;],&quot;sticky_effects_offset&quot;:0,&quot;sticky_anchor_link_offset&quot;:0}\">\n\t\t\t\t<\/div>\n\t\t\t\t<\/div>\n\t\t<div class=\"elementor-element elementor-element-c58da2e e-flex e-con-boxed e-con e-parent\" data-id=\"c58da2e\" data-element_type=\"container\" data-e-type=\"container\" data-settings=\"{&quot;background_background&quot;:&quot;classic&quot;}\">\n\t\t\t\t\t<div class=\"e-con-inner\">\n\t\t<div class=\"elementor-element elementor-element-8b991f6 e-con-full e-flex e-con e-child\" data-id=\"8b991f6\" data-element_type=\"container\" data-e-type=\"container\" data-settings=\"{&quot;background_background&quot;:&quot;classic&quot;}\">\n\t\t<div class=\"elementor-element elementor-element-e7f7115 e-con-full e-flex e-con e-child\" data-id=\"e7f7115\" data-element_type=\"container\" data-e-type=\"container\">\n\t\t<div class=\"elementor-element elementor-element-faabed2 e-con-full e-flex e-con e-child\" data-id=\"faabed2\" data-element_type=\"container\" data-e-type=\"container\">\n\t\t<div class=\"elementor-element elementor-element-18fb6a0 e-con-full e-flex e-con e-child\" data-id=\"18fb6a0\" data-element_type=\"container\" data-e-type=\"container\">\n\t\t\t\t<div class=\"elementor-element elementor-element-03a3175 elementor-view-default elementor-widget elementor-widget-icon\" data-id=\"03a3175\" data-element_type=\"widget\" data-e-type=\"widget\" data-widget_type=\"icon.default\">\n\t\t\t\t\t\t\t<div class=\"elementor-icon-wrapper\">\n\t\t\t<div class=\"elementor-icon\">\n\t\t\t<svg xmlns=\"http:\/\/www.w3.org\/2000\/svg\" id=\"b\" viewBox=\"0 0 447.91 102.25\"><g id=\"c\"><path d=\"M292.28,14.9c5.98-3.94,3.52-11.06-1.13-14.9h-6.75c-10.29,5.9-2.28,21.59,7.88,14.9Z\"><\/path><path d=\"M244.66,1.49h-26.62c-.08,0-1.12,1.04-1.12,1.12v10.8h13.5v26.06c-3.83-2.26-7.12-5.65-11.25-7.45-32.3-14.08-58.15,24.18-43.36,52.35,7.95,15.14,28.93,21.12,44.11,13.92,3.92-1.86,7.1-4.85,10.49-7.45v9.68h26.26v-12.66h-12V1.49ZM217.66,87.86c-2.54,1.02-8.09,1.65-10.86,1.48-1.97-.12-10.03-2.21-11.42-3.19-1.7-1.19-5.93-7.82-6.79-10.01-5.72-14.62,1.54-33.93,19.02-34.37,1.02-.03,10.08,1.15,10.8,1.41.55.2,6.83,6.17,7.5,7.07,8.07,10.95,5.1,32.27-8.25,37.6Z\"><\/path><path d=\"M111.91,31.27c-37.2,10.86-31.6,67.25,6,70.73,60.85,5.64,51.32-87.47-6-70.73ZM120.91,89.35c-18.69-1.43-25.4-26.57-13.52-39.85,1.14-1.28,5.43-5.05,6.77-5.57,7.98-3.07,19.55-.63,25.13,5.95,12.84,15.13,2.88,41.09-18.38,39.47Z\"><\/path><path d=\"M294.91,87.86V31.27h-24.75v12.66h10.5v43.93h-10.5v12.66h34.88c1.54,0,1.56-10.87.8-11.96-1.06-1.51-8.71-.33-10.92-.7Z\"><\/path><path d=\"M342.16,58.08c-5.76-1.19-17.15-2.8-12.65-11.45,2.22-4.28,8.27-5.15,12.65-4.93,5.13.26,12.33,3.61,14.28,8.53.51,1.29.5,4.13.72,4.13h12v-23.08c-2.95.29-6.49-.43-9.34.04-1.92.32-3.17,2.07-4.4,2.04-2.82-.07-9.05-2.67-13.26-2.82-10.61-.38-22.46,3.01-25.89,14.13-4.51,14.62,6.84,23.41,19.7,26.64,1.6.4,3.48-.11,4.69.18,3.45.83,8.35,1.79,11.65,2.95,8.41,2.97,8.46,10.99.57,14.02-10.34,3.97-24.28.55-25.72-11.76h-11.25v23.83h12c.15,0-.12-2.47,0-2.98.75-.79,6.61,2.54,8.05,2.81,18.18,3.35,39.31-1.99,36-24.57-2.24-15.3-18.17-15.29-29.8-17.69Z\"><\/path><path d=\"M79.28,87.86h-10.88v-43.56c0-.29-1.77-4.74-2.1-5.36-4.45-8.51-14.14-9.21-22.65-7.67-6.42,1.17-11.82,4.85-17.24,8.19v-8.19H1.28c-1.71,0-1.71,12.66,0,12.66h10.88v43.93H1.28c-1.71,0-1.71,12.66,0,12.66h37.12v-12.66h-12v-36.11c4.15-2.87,13.16-8.77,18-9.31,4.45-.49,9,2.59,9.7,7.12.47,3.06.68,9.16.83,12.58.56,12.74-.48,25.63-.03,38.38h24.38c1.71,0,1.71-12.66,0-12.66Z\"><\/path><path d=\"M399.9,44.67v6.7h21.75v-6.7s-6.75,0-6.75,0v-21.22c0-.86,12.51-8.72,15.18-2.41.57,1.36,1.39,10.11,1.39,12.09,0,5.64-1.66,12.28-.82,18.24h15.75c1.96-9.9-5.6-5.55-6.75-6.7-1.04-1.04,1.64-23.29-1.91-29.01-4.77-7.7-16.68-3.84-22.83-.03-.16-.81.2-3.51,0-3.72-.53-.53-12.9.4-15,0v6.7s6.75,0,6.75,0v26.06h-6.75Z\"><\/path><rect x=\"396.91\" y=\"64.03\" width=\"51\" height=\"6.7\"><\/rect><\/g><\/svg>\t\t\t<\/div>\n\t\t<\/div>\n\t\t\t\t\t\t<\/div>\n\t\t\t\t<div class=\"elementor-element elementor-element-f539808 elementor-widget elementor-widget-heading\" data-id=\"f539808\" data-element_type=\"widget\" data-e-type=\"widget\" data-widget_type=\"heading.default\">\n\t\t\t\t\t<p class=\"elementor-heading-title elementor-size-default\">Programma di 2 settimane<\/p>\t\t\t\t<\/div>\n\t\t\t\t<\/div>\n\t\t\t\t<div class=\"elementor-element elementor-element-cbe77d2 elementor-widget elementor-widget-text-editor\" data-id=\"cbe77d2\" data-element_type=\"widget\" data-e-type=\"widget\" data-widget_type=\"text-editor.default\">\n\t\t\t\t\t\t\t\t\tScopri Madrid e migliora il tuo spagnolo con il nostro dinamico corso intensivo di 2 settimane. Partecipa a lezioni di gruppo che aumentano la tua sicurezza e soggiorna in uno studio privato, ben collegato ai luoghi culturali e alla vita locale.\t\t\t\t\t\t\t\t<\/div>\n\t\t<div class=\"elementor-element elementor-element-0b4fd26 e-con-full e-flex e-con e-child\" data-id=\"0b4fd26\" data-element_type=\"container\" data-e-type=\"container\">\n\t\t\t\t<div class=\"elementor-element elementor-element-eab1c65 elementor-widget-mobile__width-initial elementor-widget elementor-widget-button\" data-id=\"eab1c65\" data-element_type=\"widget\" data-e-type=\"widget\" data-widget_type=\"button.default\">\n\t\t\t\t\t\t\t\t\t\t<a class=\"elementor-button elementor-button-link elementor-size-sm\" href=\"https:\/\/cronopiosidiomas.com\/it\/contattaci\/\">\n\t\t\t\t\t\t<span class=\"elementor-button-content-wrapper\">\n\t\t\t\t\t\t\t\t\t<span class=\"elementor-button-text\">Parliamo!<\/span>\n\t\t\t\t\t<\/span>\n\t\t\t\t\t<\/a>\n\t\t\t\t\t\t\t\t<\/div>\n\t\t\t\t<div class=\"elementor-element elementor-element-e41cc09 elementor-widget-mobile__width-initial elementor-widget elementor-widget-text-editor\" data-id=\"e41cc09\" data-element_type=\"widget\" data-e-type=\"widget\" data-widget_type=\"text-editor.default\">\n\t\t\t\t\t\t\t\t\t<p><a href=\"#pricing\">Verifica i prezzi<\/a><\/p>\t\t\t\t\t\t\t\t<\/div>\n\t\t\t\t<\/div>\n\t\t\t\t<\/div>\n\t\t<div class=\"elementor-element elementor-element-a42b8e0 e-con-full e-flex e-con e-child\" data-id=\"a42b8e0\" data-element_type=\"container\" data-e-type=\"container\" data-settings=\"{&quot;background_background&quot;:&quot;classic&quot;}\">\n\t\t\t\t<\/div>\n\t\t\t\t<\/div>\n\t\t\t\t<\/div>\n\t\t<div class=\"elementor-element elementor-element-95aa7ba e-con-full e-flex e-con e-child\" data-id=\"95aa7ba\" data-element_type=\"container\" data-e-type=\"container\" data-settings=\"{&quot;background_background&quot;:&quot;classic&quot;}\">\n\t\t<div class=\"elementor-element elementor-element-83c9636 e-con-full e-flex e-con e-child\" data-id=\"83c9636\" data-element_type=\"container\" data-e-type=\"container\">\n\t\t\t\t<div class=\"elementor-element elementor-element-84b0932 elementor-widget elementor-widget-text-editor\" data-id=\"84b0932\" data-element_type=\"widget\" data-e-type=\"widget\" data-widget_type=\"text-editor.default\">\n\t\t\t\t\t\t\t\t\t<p>15 o 20 lezioni di gruppo di spagnolo a settimana<\/p>\t\t\t\t\t\t\t\t<\/div>\n\t\t\t\t<div class=\"elementor-element elementor-element-2928185 elementor-widget elementor-widget-text-editor\" data-id=\"2928185\" data-element_type=\"widget\" data-e-type=\"widget\" data-widget_type=\"text-editor.default\">\n\t\t\t\t\t\t\t\t\tImpara lo spagnolo in piccoli gruppi di 8-12 studenti per un&#8217;esperienza pi\u00f9 mirata e personalizzata. Ogni lezione dura 50 minuti ed \u00e8 condotta da insegnanti madrelingua esperti. I nuovi corsi di spagnolo per principianti iniziano ogni luned\u00ec.\t\t\t\t\t\t\t\t<\/div>\n\t\t\t\t<\/div>\n\t\t<div class=\"elementor-element elementor-element-ae58da0 e-con-full e-flex e-con e-child\" data-id=\"ae58da0\" data-element_type=\"container\" data-e-type=\"container\">\n\t\t\t\t<div class=\"elementor-element elementor-element-c1a3448 elementor-widget elementor-widget-text-editor\" data-id=\"c1a3448\" data-element_type=\"widget\" data-e-type=\"widget\" data-widget_type=\"text-editor.default\">\n\t\t\t\t\t\t\t\t\t<p>Accesso al nostro Campus online<\/p>\t\t\t\t\t\t\t\t<\/div>\n\t\t\t\t<div class=\"elementor-element elementor-element-096b92c elementor-widget elementor-widget-text-editor\" data-id=\"096b92c\" data-element_type=\"widget\" data-e-type=\"widget\" data-widget_type=\"text-editor.default\">\n\t\t\t\t\t\t\t\t\tRimani connesso al tuo apprendimento al di fuori della classe con la nostra piattaforma online, dove troverai risorse extra, compiti a casa e supporto da parte degli insegnanti. \u00c8 disponibile 24 ore su 24, 7 giorni su 7, quindi puoi rivedere i contenuti e monitorare i tuoi progressi in qualsiasi momento. \t\t\t\t\t\t\t\t<\/div>\n\t\t\t\t<\/div>\n\t\t\t\t<\/div>\n\t\t<div class=\"elementor-element elementor-element-402d771 e-con-full e-flex e-con e-child\" data-id=\"402d771\" data-element_type=\"container\" data-e-type=\"container\" data-settings=\"{&quot;background_background&quot;:&quot;classic&quot;}\">\n\t\t<div class=\"elementor-element elementor-element-21628ad e-con-full e-flex e-con e-child\" data-id=\"21628ad\" data-element_type=\"container\" data-e-type=\"container\">\n\t\t\t\t<div class=\"elementor-element elementor-element-f8b7493 elementor-widget elementor-widget-text-editor\" data-id=\"f8b7493\" data-element_type=\"widget\" data-e-type=\"widget\" data-widget_type=\"text-editor.default\">\n\t\t\t\t\t\t\t\t\t<p>Attivit\u00e0 culturali settimanali<\/p>\t\t\t\t\t\t\t\t<\/div>\n\t\t\t\t<div class=\"elementor-element elementor-element-c833c42 elementor-widget elementor-widget-text-editor\" data-id=\"c833c42\" data-element_type=\"widget\" data-e-type=\"widget\" data-widget_type=\"text-editor.default\">\n\t\t\t\t\t\t\t\t\t<p>Partecipa a esperienze culturali settimanali pensate per integrare le lezioni e aiutarti a praticare lo spagnolo in contesti sociali autentici. Dalle visite guidate della citt\u00e0 ai laboratori locali, esplorerai Madrid utilizzando il tuo spagnolo. <\/p>\t\t\t\t\t\t\t\t<\/div>\n\t\t\t\t<\/div>\n\t\t<div class=\"elementor-element elementor-element-6957dab e-con-full e-flex e-con e-child\" data-id=\"6957dab\" data-element_type=\"container\" data-e-type=\"container\">\n\t\t\t\t<div class=\"elementor-element elementor-element-76ef1fa elementor-widget elementor-widget-text-editor\" data-id=\"76ef1fa\" data-element_type=\"widget\" data-e-type=\"widget\" data-widget_type=\"text-editor.default\">\n\t\t\t\t\t\t\t\t\t<p>12 mesi di accesso a Campus Difusi\u00f3n<\/p>\t\t\t\t\t\t\t\t<\/div>\n\t\t\t\t<div class=\"elementor-element elementor-element-0445c03 elementor-widget elementor-widget-text-editor\" data-id=\"0445c03\" data-element_type=\"widget\" data-e-type=\"widget\" data-widget_type=\"text-editor.default\">\n\t\t\t\t\t\t\t\t\t<p>Goditi l&#8217;accesso per un anno a Campus Difusi\u00f3n, una risorsa online di prim&#8217;ordine ricca di esercizi interattivi di spagnolo, video e libri digitali creati da esperti di apprendimento linguistico. \u00c8 un ottimo modo per continuare a studiare anche dopo la fine del corso. <\/p>\t\t\t\t\t\t\t\t<\/div>\n\t\t\t\t<\/div>\n\t\t\t\t<\/div>\n\t\t\t\t\t<\/div>\n\t\t\t\t<\/div>\n\t\t<div class=\"elementor-element elementor-element-01c075e e-flex e-con-boxed e-con e-parent\" data-id=\"01c075e\" data-element_type=\"container\" data-e-type=\"container\" data-settings=\"{&quot;background_background&quot;:&quot;classic&quot;}\">\n\t\t\t\t\t<div class=\"e-con-inner\">\n\t\t<div class=\"elementor-element elementor-element-76f5370 e-con-full e-flex e-con e-child\" data-id=\"76f5370\" data-element_type=\"container\" data-e-type=\"container\" data-settings=\"{&quot;background_background&quot;:&quot;classic&quot;}\">\n\t\t<div class=\"elementor-element elementor-element-ad91a5b e-con-full e-flex e-con e-child\" data-id=\"ad91a5b\" data-element_type=\"container\" data-e-type=\"container\">\n\t\t\t\t<div class=\"elementor-element elementor-element-a09512f elementor-widget elementor-widget-heading\" data-id=\"a09512f\" data-element_type=\"widget\" data-e-type=\"widget\" data-widget_type=\"heading.default\">\n\t\t\t\t\t<h2 class=\"elementor-heading-title elementor-size-default\">Comode opzioni di alloggio a Madrid\n<\/h2>\t\t\t\t<\/div>\n\t\t\t\t<div class=\"elementor-element elementor-element-4b8054f elementor-widget elementor-widget-text-editor\" data-id=\"4b8054f\" data-element_type=\"widget\" data-e-type=\"widget\" data-widget_type=\"text-editor.default\">\n\t\t\t\t\t\t\t\t\tScegli tra un monolocale privato con angolo cottura, letto XL, Smart TV e bagno privato o un appartamento condiviso con due o tre camere singole, bagni in comune e un&#8217;accogliente area comune con Smart TV e angolo cottura. Entrambe le opzioni sono completamente attrezzate per un soggiorno confortevole nel cuore di Madrid.\n\n\n\t\t\t\t\t\t\t\t<\/div>\n\t\t<div class=\"elementor-element elementor-element-ac4254d e-con-full e-flex e-con e-child\" data-id=\"ac4254d\" data-element_type=\"container\" data-e-type=\"container\">\n\t\t<div class=\"elementor-element elementor-element-54a088e e-con-full e-flex e-con e-child\" data-id=\"54a088e\" data-element_type=\"container\" data-e-type=\"container\" data-settings=\"{&quot;background_background&quot;:&quot;classic&quot;}\">\n\t\t\t\t<\/div>\n\t\t<div class=\"elementor-element elementor-element-2d372b0 e-con-full e-flex e-con e-child\" data-id=\"2d372b0\" data-element_type=\"container\" data-e-type=\"container\" data-settings=\"{&quot;background_background&quot;:&quot;classic&quot;}\">\n\t\t\t\t<\/div>\n\t\t<div class=\"elementor-element elementor-element-81fd147 e-con-full e-flex e-con e-child\" data-id=\"81fd147\" data-element_type=\"container\" data-e-type=\"container\" data-settings=\"{&quot;background_background&quot;:&quot;classic&quot;}\">\n\t\t\t\t<\/div>\n\t\t\t\t<\/div>\n\t\t\t\t<\/div>\n\t\t<div class=\"elementor-element elementor-element-8d3bcb8 e-con-full e-flex e-con e-child\" data-id=\"8d3bcb8\" data-element_type=\"container\" data-e-type=\"container\">\n\t\t<div class=\"elementor-element elementor-element-92e18b4 e-con-full e-flex e-con e-child\" data-id=\"92e18b4\" data-element_type=\"container\" data-e-type=\"container\">\n\t\t\t\t<div class=\"elementor-element elementor-element-45404a9 elementor-widget__width-inherit elementor-widget elementor-widget-text-editor\" data-id=\"45404a9\" data-element_type=\"widget\" data-e-type=\"widget\" data-widget_type=\"text-editor.default\">\n\t\t\t\t\t\t\t\t\t<p>Studio privato:<\/p>\t\t\t\t\t\t\t\t<\/div>\n\t\t\t\t<div class=\"elementor-element elementor-element-e4335e5 elementor-widget-mobile__width-inherit elementor-widget elementor-widget-text-editor\" data-id=\"e4335e5\" data-element_type=\"widget\" data-e-type=\"widget\" data-widget_type=\"text-editor.default\">\n\t\t\t\t\t\t\t\t\t<ul><li><strong>Bagno privato<\/strong><\/li><li><strong>Angolo cottura<\/strong><\/li><li><strong>Smart TV<\/strong><\/li><\/ul>\t\t\t\t\t\t\t\t<\/div>\n\t\t\t\t<div class=\"elementor-element elementor-element-1d21117 elementor-widget-mobile__width-inherit elementor-widget elementor-widget-text-editor\" data-id=\"1d21117\" data-element_type=\"widget\" data-e-type=\"widget\" data-widget_type=\"text-editor.default\">\n\t\t\t\t\t\t\t\t\t<ul><li><strong>Letto XL con biancheria<\/strong><\/li><li><strong>Stoviglie e utensili da cucina<\/strong><\/li><li><strong>Servizio di pulizia alla fine del soggiorno<\/strong><\/li><\/ul>\t\t\t\t\t\t\t\t<\/div>\n\t\t\t\t<\/div>\n\t\t<div class=\"elementor-element elementor-element-110f16d e-con-full e-flex e-con e-child\" data-id=\"110f16d\" data-element_type=\"container\" data-e-type=\"container\">\n\t\t\t\t<div class=\"elementor-element elementor-element-f36168f elementor-widget__width-inherit elementor-widget elementor-widget-text-editor\" data-id=\"f36168f\" data-element_type=\"widget\" data-e-type=\"widget\" data-widget_type=\"text-editor.default\">\n\t\t\t\t\t\t\t\t\t<p>Servizi del residence:<\/p>\t\t\t\t\t\t\t\t<\/div>\n\t\t\t\t<div class=\"elementor-element elementor-element-048eea9 elementor-widget-mobile__width-inherit elementor-widget elementor-widget-text-editor\" data-id=\"048eea9\" data-element_type=\"widget\" data-e-type=\"widget\" data-widget_type=\"text-editor.default\">\n\t\t\t\t\t\t\t\t\t<ul>\n \t<li><strong>Laboratorio alimentare<\/strong><\/li>\n \t<li><strong>Sala studio<\/strong><\/li>\n \t<li><strong>WiFi<\/strong><\/li>\n<\/ul>\t\t\t\t\t\t\t\t<\/div>\n\t\t\t\t<div class=\"elementor-element elementor-element-a6551b1 elementor-widget-mobile__width-inherit elementor-widget elementor-widget-text-editor\" data-id=\"a6551b1\" data-element_type=\"widget\" data-e-type=\"widget\" data-widget_type=\"text-editor.default\">\n\t\t\t\t\t\t\t\t\t<ul>\n \t<li><strong>Biblioteca<\/strong><\/li>\n \t<li><strong>Palestra<\/strong><\/li>\n \t<li><strong>Gaming Zone<\/strong><\/li>\n<\/ul>\t\t\t\t\t\t\t\t<\/div>\n\t\t\t\t<div class=\"elementor-element elementor-element-eca4e84 elementor-widget-mobile__width-inherit elementor-widget elementor-widget-text-editor\" data-id=\"eca4e84\" data-element_type=\"widget\" data-e-type=\"widget\" data-widget_type=\"text-editor.default\">\n\t\t\t\t\t\t\t\t\t<ul>\n \t<li><strong>Cinema<\/strong><\/li>\n \t<li><strong>Terrazza<\/strong><\/li>\n \t<li><strong>Lavanderia self-service<\/strong><\/li>\n<\/ul>\t\t\t\t\t\t\t\t<\/div>\n\t\t\t\t<div class=\"elementor-element elementor-element-ca1dd29 elementor-widget__width-inherit elementor-widget elementor-widget-text-editor\" data-id=\"ca1dd29\" data-element_type=\"widget\" data-e-type=\"widget\" data-widget_type=\"text-editor.default\">\n\t\t\t\t\t\t\t\t\t<p>Il residence dispone anche di una<strong> cucina condivisa nel corridoio<\/strong>, un grande vantaggio che ti permette di essere indipendente, di risparmiare e di cucinare secondo i tuoi orari.<\/p>\t\t\t\t\t\t\t\t<\/div>\n\t\t\t\t<\/div>\n\t\t\t\t<\/div>\n\t\t\t\t<\/div>\n\t\t\t\t<div class=\"elementor-element elementor-element-97208c6 elementor-widget elementor-widget-menu-anchor\" data-id=\"97208c6\" data-element_type=\"widget\" data-e-type=\"widget\" data-widget_type=\"menu-anchor.default\">\n\t\t\t\t\t\t\t<div class=\"elementor-menu-anchor\" id=\"Prezzi\"><\/div>\n\t\t\t\t\t\t<\/div>\n\t\t\t\t\t<\/div>\n\t\t\t\t<\/div>\n\t\t<div class=\"elementor-element elementor-element-7e2f9a0 e-flex e-con-boxed e-con e-parent\" data-id=\"7e2f9a0\" data-element_type=\"container\" data-e-type=\"container\" data-settings=\"{&quot;background_background&quot;:&quot;classic&quot;}\">\n\t\t\t\t\t<div class=\"e-con-inner\">\n\t\t<div class=\"elementor-element elementor-element-dc3bf0f e-con-full e-flex e-con e-child\" data-id=\"dc3bf0f\" data-element_type=\"container\" data-e-type=\"container\" data-settings=\"{&quot;background_background&quot;:&quot;classic&quot;}\">\n\t\t<div class=\"elementor-element elementor-element-ee59e29 e-con-full e-flex e-con e-child\" data-id=\"ee59e29\" data-element_type=\"container\" data-e-type=\"container\">\n\t\t\t\t<div class=\"elementor-element elementor-element-14b63e4 elementor-widget elementor-widget-heading\" data-id=\"14b63e4\" data-element_type=\"widget\" data-e-type=\"widget\" data-widget_type=\"heading.default\">\n\t\t\t\t\t<h2 class=\"elementor-heading-title elementor-size-default\">Prezzi<\/h2>\t\t\t\t<\/div>\n\t\t<div class=\"elementor-element elementor-element-2927d62 e-con-full e-flex e-con e-child\" data-id=\"2927d62\" data-element_type=\"container\" data-e-type=\"container\">\n\t\t<div class=\"elementor-element elementor-element-a953ac5 e-con-full e-flex e-con e-child\" data-id=\"a953ac5\" data-element_type=\"container\" data-e-type=\"container\" data-settings=\"{&quot;background_background&quot;:&quot;classic&quot;}\">\n\t\t\t\t<div class=\"elementor-element elementor-element-ebc1ac0 elementor-widget-mobile__width-initial elementor-widget__width-initial elementor-widget elementor-widget-text-editor\" data-id=\"ebc1ac0\" data-element_type=\"widget\" data-e-type=\"widget\" data-widget_type=\"text-editor.default\">\n\t\t\t\t\t\t\t\t\t<p><span style=\"text-decoration: underline;\">15<\/span> lezioni di gruppo di spagnolo a settimana<\/p>\t\t\t\t\t\t\t\t<\/div>\n\t\t\t\t<div class=\"elementor-element elementor-element-2f082b6 elementor-widget__width-inherit elementor-widget elementor-widget-text-editor\" data-id=\"2f082b6\" data-element_type=\"widget\" data-e-type=\"widget\" data-widget_type=\"text-editor.default\">\n\t\t\t\t\t\t\t\t\t<p>970 \u20ac<\/p>\t\t\t\t\t\t\t\t<\/div>\n\t\t\t\t<div class=\"elementor-element elementor-element-be5a43e elementor-widget-mobile__width-initial elementor-widget__width-initial elementor-widget elementor-widget-text-editor\" data-id=\"be5a43e\" data-element_type=\"widget\" data-e-type=\"widget\" data-widget_type=\"text-editor.default\">\n\t\t\t\t\t\t\t\t\tPagamento unico\t\t\t\t\t\t\t\t<\/div>\n\t\t\t\t<\/div>\n\t\t<div class=\"elementor-element elementor-element-41e038b e-con-full e-flex e-con e-child\" data-id=\"41e038b\" data-element_type=\"container\" data-e-type=\"container\" data-settings=\"{&quot;background_background&quot;:&quot;classic&quot;}\">\n\t\t\t\t<div class=\"elementor-element elementor-element-5acef24 elementor-widget-mobile__width-initial elementor-widget__width-initial elementor-widget elementor-widget-text-editor\" data-id=\"5acef24\" data-element_type=\"widget\" data-e-type=\"widget\" data-widget_type=\"text-editor.default\">\n\t\t\t\t\t\t\t\t\t<p><span style=\"text-decoration: underline;\">20<\/span> lezioni di gruppo di spagnolo a settimana<\/p>\t\t\t\t\t\t\t\t<\/div>\n\t\t\t\t<div class=\"elementor-element elementor-element-9157bb1 elementor-widget__width-inherit elementor-widget elementor-widget-text-editor\" data-id=\"9157bb1\" data-element_type=\"widget\" data-e-type=\"widget\" data-widget_type=\"text-editor.default\">\n\t\t\t\t\t\t\t\t\t<p>1,020 \u20ac<\/p>\t\t\t\t\t\t\t\t<\/div>\n\t\t\t\t<div class=\"elementor-element elementor-element-75427b8 elementor-widget-mobile__width-initial elementor-widget__width-initial elementor-widget elementor-widget-text-editor\" data-id=\"75427b8\" data-element_type=\"widget\" data-e-type=\"widget\" data-widget_type=\"text-editor.default\">\n\t\t\t\t\t\t\t\t\tPagamento unico\t\t\t\t\t\t\t\t<\/div>\n\t\t\t\t<\/div>\n\t\t\t\t<\/div>\n\t\t<div class=\"elementor-element elementor-element-136fb3a e-con-full e-flex e-con e-child\" data-id=\"136fb3a\" data-element_type=\"container\" data-e-type=\"container\">\n\t\t\t\t<div class=\"elementor-element elementor-element-52e6609 elementor-widget__width-inherit elementor-widget elementor-widget-text-editor\" data-id=\"52e6609\" data-element_type=\"widget\" data-e-type=\"widget\" data-widget_type=\"text-editor.default\">\n\t\t\t\t\t\t\t\t\tIl residence richiede un deposito di 100\u20ac, rimborsabile alla fine del soggiorno.<br>Il prezzo include il primo libro di grammatica e un pacchetto di benvenuto.\n\t\t\t\t\t\t\t\t<\/div>\n\t\t\t\t<\/div>\n\t\t\t\t<\/div>\n\t\t\t\t<\/div>\n\t\t\t\t\t<\/div>\n\t\t\t\t<\/div>\n\t\t<div class=\"elementor-element elementor-element-1cc33a8 e-flex e-con-boxed e-con e-parent\" data-id=\"1cc33a8\" data-element_type=\"container\" data-e-type=\"container\">\n\t\t\t\t\t<div class=\"e-con-inner\">\n\t\t\t\t<div class=\"elementor-element elementor-element-af56c81 elementor-align-center elementor-widget elementor-widget-button\" data-id=\"af56c81\" data-element_type=\"widget\" data-e-type=\"widget\" data-widget_type=\"button.default\">\n\t\t\t\t\t\t\t\t\t\t<a class=\"elementor-button elementor-button-link elementor-size-sm\" href=\"https:\/\/cronopiosidiomas.com\/it\/modulo-di-iscrizione\/\">\n\t\t\t\t\t\t<span class=\"elementor-button-content-wrapper\">\n\t\t\t\t\t\t\t\t\t<span class=\"elementor-button-text\">Prenota ora<\/span>\n\t\t\t\t\t<\/span>\n\t\t\t\t\t<\/a>\n\t\t\t\t\t\t\t\t<\/div>\n\t\t\t\t<div class=\"elementor-element elementor-element-28a6c42 elementor-widget elementor-widget-text-editor\" data-id=\"28a6c42\" data-element_type=\"widget\" data-e-type=\"widget\" data-widget_type=\"text-editor.default\">\n\t\t\t\t\t\t\t\t\t<p><a href=\"https:\/\/cronopiosidiomas.com\/it\/contattaci\/\">Contatta il nostro consulente per gli alloggi degli studenti \u2192<\/a><\/p>\t\t\t\t\t\t\t\t<\/div>\n\t\t\t\t\t<\/div>\n\t\t\t\t<\/div>\n\t\t\t\t<\/div>\n\t\t","protected":false},"excerpt":{"rendered":"<p>Vic\u00e1lvaro Programma di 2 settimane Scopri Madrid e migliora il tuo spagnolo con il nostro dinamico corso intensivo di 2 settimane. Partecipa a lezioni di gruppo che aumentano la tua sicurezza e soggiorna in uno studio privato, ben collegato ai luoghi culturali e alla vita locale. Parliamo! Verifica i prezzi 15 o 20 lezioni di [&hellip;]<\/p>\n","protected":false},"author":3,"featured_media":5501,"parent":5645,"menu_order":0,"comment_status":"closed","ping_status":"closed","template":"elementor_header_footer","meta":{"footnotes":""},"class_list":["post-5705","page","type-page","status-publish","has-post-thumbnail","hentry"],"_links":{"self":[{"href":"https:\/\/cronopiosidiomas.com\/it\/wp-json\/wp\/v2\/pages\/5705","targetHints":{"allow":["GET"]}}],"collection":[{"href":"https:\/\/cronopiosidiomas.com\/it\/wp-json\/wp\/v2\/pages"}],"about":[{"href":"https:\/\/cronopiosidiomas.com\/it\/wp-json\/wp\/v2\/types\/page"}],"author":[{"embeddable":true,"href":"https:\/\/cronopiosidiomas.com\/it\/wp-json\/wp\/v2\/users\/3"}],"replies":[{"embeddable":true,"href":"https:\/\/cronopiosidiomas.com\/it\/wp-json\/wp\/v2\/comments?post=5705"}],"version-history":[{"count":1,"href":"https:\/\/cronopiosidiomas.com\/it\/wp-json\/wp\/v2\/pages\/5705\/revisions"}],"predecessor-version":[{"id":5707,"href":"https:\/\/cronopiosidiomas.com\/it\/wp-json\/wp\/v2\/pages\/5705\/revisions\/5707"}],"up":[{"embeddable":true,"href":"https:\/\/cronopiosidiomas.com\/it\/wp-json\/wp\/v2\/pages\/5645"}],"wp:featuredmedia":[{"embeddable":true,"href":"https:\/\/cronopiosidiomas.com\/it\/wp-json\/wp\/v2\/media\/5501"}],"wp:attachment":[{"href":"https:\/\/cronopiosidiomas.com\/it\/wp-json\/wp\/v2\/media?parent=5705"}],"curies":[{"name":"wp","href":"https:\/\/api.w.org\/{rel}","templated":true}]}}