{"id":5670,"date":"2025-04-30T09:46:24","date_gmt":"2025-04-30T07:46:24","guid":{"rendered":"https:\/\/cronopiosidiomas.com\/termini-e-condizioni\/"},"modified":"2026-01-22T12:26:55","modified_gmt":"2026-01-22T11:26:55","slug":"termini-e-condizioni","status":"publish","type":"page","link":"https:\/\/cronopiosidiomas.com\/it\/termini-e-condizioni\/","title":{"rendered":"Termini e condizioni"},"content":{"rendered":"\t\t<div data-elementor-type=\"wp-page\" data-elementor-id=\"5670\" class=\"elementor elementor-5670 elementor-1909\" data-elementor-post-type=\"page\">\n\t\t\t\t<div class=\"elementor-element elementor-element-5345938 e-flex e-con-boxed e-con e-parent\" data-id=\"5345938\" data-element_type=\"container\" data-e-type=\"container\" data-settings=\"{&quot;background_background&quot;:&quot;classic&quot;}\">\n\t\t\t\t\t<div class=\"e-con-inner\">\n\t\t\t\t<div class=\"elementor-element elementor-element-013974b elementor-widget elementor-widget-text-editor\" data-id=\"013974b\" data-element_type=\"widget\" data-e-type=\"widget\" data-widget_type=\"text-editor.default\">\n\t\t\t\t\t\t\t\t\t<ul><li><strong>INFORMAZIONI SULLA PRENOTAZIONE<\/strong><\/li><\/ul><p>Per prenotare un corso \u00e8 sufficiente compilare il <a href=\"https:\/\/cronopiosidiomas.com\/en\/registration\/\">modulo di iscrizione<\/a> e attendere la conferma da parte della scuola. La conferma ti verr\u00e0 inviata entro 3 giorni.<\/p><p>Il pagamento anticipato non \u00e8 obbligatorio. Puoi pagare all&#8217;arrivo e risparmiare il costo del trasferimento. <\/p><ul><li><strong>INFORMAZIONI SULL&#8217;ISCRIZIONE<\/strong><\/li><\/ul><p><strong>Opzioni di iscrizione<\/strong><\/p><p>Per iscriverti a un corso puoi:<\/p><ul><li>Iscriviti alla Scuola.<\/li><li>Iscriviti <a href=\"https:\/\/cronopiosidiomas.com\/en\/registration\/\">online<\/a>.<\/li><li>Parla con il tuo agente. Gli agenti sono esperti nominati nel tuo paese e possono fornirti una consulenza specialistica sul corso che intendi seguire. Gli agenti possono anche aiutarti con i requisiti per il visto.  <\/li><\/ul><p>Se hai bisogno di un visto generale per studenti, assicurati di aver compreso e soddisfatto i requisiti necessari; dovrai recarti presso l&#8217;ambasciata spagnola del tuo paese. Per ulteriori informazioni sui requisiti per il visto, consulta il sito <a href=\"http:\/\/www.maec.es\/\" target=\"_blank\" rel=\"noopener\">www.maec.es.<\/a> Da parte nostra, faremo del nostro meglio per aiutarti a risolvere questo problema.  <\/p><p><strong>I nostri prezzi<\/strong><\/p><p>Puoi trovare i <a href=\"https:\/\/cronopiosidiomas.com\/it\/alloggio\/\">prezzi<\/a> attuali dei <a href=\"https:\/\/cronopiosidiomas.com\/#courses\">corsi<\/a> e degli alloggi online. Se hai bisogno di alloggio e\/o di trasferimenti aeroportuali, devi informarci al momento della prenotazione. Tutti i nostri corsi prevedono una quota di iscrizione aggiuntiva (47 \u20ac), che include tutti i materiali del corso e la gestione della prenotazione. Se hai bisogno di un alloggio, la quota di soggiorno (39 \u20ac) comprende tutte le pratiche amministrative relative all&#8217;alloggio e ai trasferimenti aeroportuali.<\/p><p><strong>Come pagare<\/strong><\/p><p>Si prega di effettuare i pagamenti solo in euro.<\/p><p>I pagamenti possono essere effettuati tramite:<\/p><ul><li>Contanti e carte di credito: presso Cronopios Idiomas, c\/ Espalter, 12, 28014 Madrid.<\/li><li>Bonifico bancario: Cronopios Idiomas ES95 3035 0376 13 3760004822. Tutte le spese bancarie sono a carico dell&#8217;acquirente. Ti preghiamo di inviare via e-mail una copia del bonifico e il numero di fattura a cui si riferisce. Si prega di utilizzare anche il &#8220;CODICE IBAN&#8221; insieme al codice swift, in quanto questi codici consentono un trasferimento di denaro pi\u00f9 sicuro e riducono le spese di trasferimento bancario del mittente:   <\/li><\/ul><p>Cronopios Idiomas S.Coop.Mad<br>C\u00f3digo IBAN: ES95 3035 0376 13 3760004822<br>C\u00f3digo BIC\/SWIFT: CLPEES2M<br>Banco: Caja Laboral<br>Direzione bancaria: Avda. Albufera 33, Madrid 28038, Espa\u00f1a.<\/p><p><strong>Guida per gli studenti<\/strong><\/p><p>Al momento dell&#8217;iscrizione, gli studenti avranno accesso alla <strong data-start=\"340\" data-end=\"375\">Guida dello studente di Cronopios Idiomas<\/strong>, disponibile in formato digitale (PDF).  <\/p><p><a title=\"Guida per gli studenti Cronopios 2026\" href=\"https:\/\/cronopiosidiomas.com\/wp-content\/uploads\/2026\/01\/Guia-estudiante-ingles-2026a.pdf\" target=\"_blank\" rel=\"noopener\"><span style=\"text-decoration: underline;\">Guida per gli studenti (EN)<\/span><\/a><br><a title=\"Guida dello Studente Cronopios 2026\" href=\"https:\/\/cronopiosidiomas.com\/wp-content\/uploads\/2026\/01\/Guia-del-estudiante-2026a.pdf\" target=\"_blank\" rel=\"noopener\"><span style=\"text-decoration: underline;\">Guida per gli studenti (ES)<\/span><\/a><\/p><p>La Guida dello Studente contiene informazioni essenziali sulla scuola, i corsi, i regolamenti accademici, le norme comunitarie, le strutture, le questioni amministrative, gli alloggi e le informazioni pratiche per gli studenti durante il loro soggiorno presso Cronopios Idiomas.<\/p><p data-start=\"1037\" data-end=\"1242\">Cronopios Idiomas si riserva il diritto di aggiornare la Guida dello Studente quando necessario. Qualsiasi versione aggiornata sar\u00e0 resa disponibile al link sopra indicato e si applicher\u00e0 la versione in vigore al momento dell&#8217;iscrizione.<\/p><p data-start=\"1244\" data-end=\"1383\">La mancata lettura o la mancata conoscenza dei contenuti della Guida dello Studente non esonera lo studente dal rispetto delle sue regole e linee guida.<\/p><ul><li><strong>POLITICA DI CANCELLAZIONE<\/strong><\/li><\/ul><p><strong>Studenti senza visto<\/strong><\/p><p>Il pagamento anticipato non \u00e8 obbligatorio, ma in caso di cancellazione 21 giorni lavorativi prima della data di inizio del corso non \u00e8 previsto alcun costo.<\/p><p>Se la cancellazione viene notificata 21 giorni lavorativi prima della data di inizio del corso, lo studente ha diritto a un rimborso pari al 50% del costo totale del corso.<\/p><p>Il rimborso pu\u00f2 richiedere fino a 20 giorni lavorativi.<\/p><p>Le quote non possono essere rimborsate per corsi o parti di corsi persi a causa di assenze, ritardi, malattie, abbandono del corso prima della data di fine e\/o altre circostanze non menzionate nella nostra politica di cancellazione.<\/p><p><strong>Studenti con visto<\/strong><\/p><p>Se ti viene negato il visto, ti restituiremo l&#8217;intero anticipo versato, ad eccezione dei costi amministrativi sostenuti (250\u20ac) e delle spese di alloggio (150\u20ac), a condizione che la cancellazione avvenga almeno 21 giorni lavorativi prima dell&#8217;arrivo.<\/p><p>Per la restituzione del pagamento anticipato prima del rifiuto della domanda di visto, lo studente deve comunicarcelo per iscritto e allegare la notifica ufficiale (comprensiva di data, timbro e firma) emessa dall&#8217;Ambasciata o dal Consolato spagnolo.<\/p><p>Nella notifica ufficiale di rifiuto, il nome dello studente, il numero di passaporto e il visto richiesto sono chiaramente indicati.<\/p><p>Il rimborso pu\u00f2 richiedere fino a 20 giorni lavorativi.<\/p><p>Le quote non possono essere rimborsate per corsi o parti di corsi persi a causa di assenze, ritardi, malattie, abbandono del corso prima della data di fine e\/o altre circostanze non menzionate nella nostra politica di cancellazione.<\/p><p><strong>Corsi con rinnovo NIE o permesso di studio<\/strong><\/p><p>Se devi richiedere o rinnovare il NIE (Numero di Identificazione Straniero) o il permesso di studio, in caso di rifiuto prima dell&#8217;inizio del corso, ti verr\u00e0 rimborsato il 100% del costo totale, meno 250\u20ac per le spese amministrative.<\/p><p>Per richiedere il rimborso dell&#8217;anticipo, lo studente deve comunicarci per iscritto la cancellazione dovuta al rifiuto della procedura di richiesta, del permesso di studio o del rinnovo del NIE, allegando il documento ufficiale di rifiuto, con data, firma e sigillo, rilasciato dall&#8217;istituzione competente a Madrid.<\/p><p>Il documento ufficiale di rifiuto deve indicare chiaramente il nome dello studente, il numero di passaporto\/NIE e il documento richiesto.<\/p><p>Il rimborso pu\u00f2 richiedere fino a 20 giorni lavorativi.<\/p><p>Le quote non possono essere rimborsate per corsi o parti di corsi persi a causa di assenze, ritardi, malattie, abbandono del corso prima della data di fine e\/o altre circostanze non menzionate nella nostra politica di cancellazione.<\/p><ul><li><strong>PROTEZIONE DEI DATI PRIVATI<\/strong><\/li><\/ul><p>In conformit\u00e0 con la normativa vigente, informiamo gli studenti che i dati e le informazioni private saranno trattati e conservati su server situati nell&#8217;Unione Europea e di propriet\u00e0 di Cronopios Idiomas S.COOP.MAD. I tuoi dati personali saranno utilizzati esclusivamente per gli scopi commerciali e operativi dell&#8217;azienda. Accettando i presenti Termini e Condizioni, dai il tuo consenso all&#8217;utilizzo dei tuoi dati per i suddetti scopi. Hai il diritto di richiedere informazioni sui tuoi diritti di accesso, correzione e cancellazione di tali dati scrivendo all&#8217;indirizzo: hola@cronopiosidiomas.com   <\/p><ul><li><strong>DIRITTI D&#8217;IMMAGINE<\/strong><\/li><\/ul><p>Al momento dell&#8217;iscrizione, gli studenti autorizzano Cronopios Idiomas a inviare loro informazioni sulla scuola, a scattare loro foto e video e a utilizzare le immagini delle attivit\u00e0 svolte dagli studenti durante le lezioni, nonch\u00e9 le immagini di altre attivit\u00e0 scolastiche che si svolgono al di fuori delle lezioni. La revoca di questo permesso deve essere comunicata in anticipo. Agli studenti viene chiesto di compilare un modulo al momento dell&#8217;iscrizione.  <\/p><ul><li><strong>ORARIO DEI CORSI E VACANZE<\/strong><\/li><\/ul><p><strong>Date di inizio<\/strong><\/p><p>I corsi di spagnolo generale iniziano ogni luned\u00ec (ad eccezione delle festivit\u00e0 nazionali). Tutti gli altri corsi hanno date di inizio specifiche. Contattaci per ulteriori informazioni. Se sei uno studente che ha bisogno di un visto, ti preghiamo di prevedere il tempo necessario per completare la domanda di visto. In genere sono richieste quattro settimane di preavviso per la conferma del visto.    <\/p><p><strong>Vacanze<\/strong><\/p><p>La scuola rimarr\u00e0 chiusa nei giorni festivi locali e nazionali. Per i corsi di durata compresa tra 1 e 4 settimane, le festivit\u00e0 locali e nazionali non verranno conteggiate nel contratto e la relativa detrazione verr\u00e0 quindi applicata al prezzo finale del contratto. <\/p><p>La scuola rimarr\u00e0 chiusa per due settimane a Natale e per tutta la settimana di Pasqua. Questi giorni non saranno inclusi in nessun contratto e gli studenti non saranno tenuti a pagarli. <\/p><p>Gli studenti di lungo corso che desiderano interrompere temporaneamente il loro corso per motivi di vacanza devono informare la scuola almeno 15 giorni prima dell&#8217;interruzione del corso. L&#8217;interruzione \u00e8 soggetta all&#8217;approvazione della scuola. <\/p><p><strong>Test di livello di spagnolo<\/strong><\/p><p>Gli studenti sono tenuti a svolgere un test di livello di spagnolo. Il test aiuta Cronopios Idiomas a valutare i requisiti di apprendimento degli studenti e l&#8217;orario delle lezioni. Qualsiasi modifica del livello e\/o dell&#8217;orario di uno studente \u00e8 soggetta all&#8217;approvazione di Cronopios Idiomas e alla disponibilit\u00e0 dei corsi. I test di livello di spagnolo possono essere effettuati il giorno dell&#8217;arrivo o prima della data di inizio del corso presso la scuola e\/o per via elettronica. Uno dei nostri insegnanti sar\u00e0 disponibile per discutere e valutare i test di livello con gli studenti.    <\/p><p><strong>Partecipazione e permanenza nel gruppo<\/strong><\/p><p>Lo studente ha la responsabilit\u00e0 di frequentare tutte le lezioni e di trarne il massimo profitto. Se lo studente salta pi\u00f9 dell&#8217;80% delle lezioni o non fa progressi accademici (verificati attraverso i test di completamento del corso e la valutazione dell&#8217;insegnante stesso), Cronopios Idiomas si riserva il diritto di cambiare il gruppo e il livello dello studente, se necessario. Nel caso in cui il cambio di livello avvenga verso un gruppo non ancora aperto, lo studente dovr\u00e0 attendere l&#8217;apertura del livello. Il tempo di attesa per il gruppo \u00e8 responsabilit\u00e0 dello studente e, in quanto tale, non sar\u00e0 rimborsato l&#8217;importo pagato per il corso in nessun caso. Tuttavia, la scuola non considerer\u00e0 i giorni di attesa come giorni di contratto, quindi il contratto riprender\u00e0 non appena lo studente continuer\u00e0 le lezioni nel nuovo gruppo.    <\/p><p><strong>Orario<\/strong><\/p><p>Gli studenti riceveranno l&#8217;orario del corso una settimana prima della data di inizio. Tuttavia, in caso di circostanze impreviste, Cronopios Idiomas si riserva il diritto di modificare gli orari e\/o di posticipare le lezioni. <\/p><ul><li><strong>ALLOGGIO<\/strong><\/li><\/ul><p>Cronopios Idiomas S.Coop.Mad \u00e8 l&#8217;intermediario tra gli studenti e le famiglie che desiderano ospitarli, e per questo riceviamo una tassa di soggiorno di 30 (trenta) \u20ac. Il resto dell&#8217;importo totale deve essere versato interamente alla famiglia ospitante. <\/p><p>La famiglia si impegna a ospitare lo studente e a rispettare le condizioni stabilite per tutta la durata del suo soggiorno, oltre a favorire la sua immersione linguistica.<\/p><p>La scuola si impegna a cercare un nuovo alloggio per lo studente nel pi\u00f9 breve tempo possibile se la famiglia e\/o lo studente non desiderano pi\u00f9 vivere insieme.<\/p><p>Per quanto riguarda il metodo di pagamento:<\/p><ul><li>Soggiorni di una settimana: lo studente si impegna a pagare alla famiglia l&#8217;importo concordato per la settimana il terzo giorno del soggiorno, in contanti o tramite bonifico bancario.<\/li><li>Soggiorni da 2 a 7 settimane: lo studente si impegna a pagare alla famiglia l&#8217;importo concordato per l&#8217;intero soggiorno sette giorni dopo il suo arrivo, in contanti o tramite bonifico bancario.<\/li><li>Soggiorni di 2 mesi: lo studente si impegna a pagare alla famiglia almeno l&#8217;importo concordato per il primo mese di soggiorno sette giorni dopo il suo arrivo. Lo studente dovr\u00e0 pagare il resto del soggiorno alla fine dello stesso, in contanti o tramite bonifico bancario. <\/li><li>Soggiorni di pi\u00f9 di 2 mesi: lo studente si impegna a pagare alla famiglia almeno l&#8217;importo concordato per il primo mese di soggiorno sette giorni dopo il suo arrivo. Lo studente dovr\u00e0 pagare l&#8217;importo concordato per i mesi successivi del soggiorno alla fine di ogni mese, in contanti o tramite bonifico bancario. <\/li><\/ul><p>Lo studente si impegna a rispettare le regole della famiglia e le condizioni stabilite durante l&#8217;intero soggiorno. In caso di danni significativi all&#8217;alloggio causati dallo studente, la famiglia valuter\u00e0 il costo economico del danno e lo comunicher\u00e0 alla scuola. Un membro del personale della scuola visiter\u00e0 l&#8217;abitazione e verificher\u00e0 l&#8217;entit\u00e0 del danno per confermare la validit\u00e0 della valutazione della famiglia. La scuola comunicher\u00e0 allo studente l&#8217;importo che dovr\u00e0 pagare.   <\/p><p>La camera doppia \u00e8 disponibile solo se richiesta da due studenti che soggiornano insieme. Se uno studente richiede una camera doppia, ma non \u00e8 accompagnato da un altro studente, sar\u00e0 alloggiato con una persona dello stesso sesso e di diversa nazionalit\u00e0 o lingua madre. La famiglia non potr\u00e0 ospitare in una camera doppia uno studente che ha richiesto una camera singola, a meno che non sia stato dato un preavviso alla scuola; n\u00e9 potr\u00e0 ospitare in una camera singola uno studente che ha richiesto una camera doppia.  <\/p>\t\t\t\t\t\t\t\t<\/div>\n\t\t\t\t\t<\/div>\n\t\t\t\t<\/div>\n\t\t\t\t<\/div>\n\t\t","protected":false},"excerpt":{"rendered":"<p>INFORMAZIONI SULLA PRENOTAZIONE Per prenotare un corso \u00e8 sufficiente compilare il modulo di iscrizione e attendere la conferma da parte della scuola. La conferma ti verr\u00e0 inviata entro 3 giorni. Il pagamento anticipato non \u00e8 obbligatorio. Puoi pagare all&#8217;arrivo e risparmiare il costo del trasferimento. INFORMAZIONI SULL&#8217;ISCRIZIONE Opzioni di iscrizione Per iscriverti a un corso [&hellip;]<\/p>\n","protected":false},"author":3,"featured_media":0,"parent":0,"menu_order":0,"comment_status":"closed","ping_status":"closed","template":"elementor_header_footer","meta":{"footnotes":""},"class_list":["post-5670","page","type-page","status-publish","hentry"],"_links":{"self":[{"href":"https:\/\/cronopiosidiomas.com\/it\/wp-json\/wp\/v2\/pages\/5670","targetHints":{"allow":["GET"]}}],"collection":[{"href":"https:\/\/cronopiosidiomas.com\/it\/wp-json\/wp\/v2\/pages"}],"about":[{"href":"https:\/\/cronopiosidiomas.com\/it\/wp-json\/wp\/v2\/types\/page"}],"author":[{"embeddable":true,"href":"https:\/\/cronopiosidiomas.com\/it\/wp-json\/wp\/v2\/users\/3"}],"replies":[{"embeddable":true,"href":"https:\/\/cronopiosidiomas.com\/it\/wp-json\/wp\/v2\/comments?post=5670"}],"version-history":[{"count":3,"href":"https:\/\/cronopiosidiomas.com\/it\/wp-json\/wp\/v2\/pages\/5670\/revisions"}],"predecessor-version":[{"id":9024,"href":"https:\/\/cronopiosidiomas.com\/it\/wp-json\/wp\/v2\/pages\/5670\/revisions\/9024"}],"wp:attachment":[{"href":"https:\/\/cronopiosidiomas.com\/it\/wp-json\/wp\/v2\/media?parent=5670"}],"curies":[{"name":"wp","href":"https:\/\/api.w.org\/{rel}","templated":true}]}}