{"id":2668,"date":"2025-05-07T11:58:31","date_gmt":"2025-05-07T09:58:31","guid":{"rendered":"https:\/\/cronopiosidiomas.com\/gracias\/"},"modified":"2025-05-20T15:43:45","modified_gmt":"2025-05-20T13:43:45","slug":"gracias","status":"publish","type":"page","link":"https:\/\/cronopiosidiomas.com\/es\/gracias\/","title":{"rendered":"Gracias"},"content":{"rendered":"\t\t<div data-elementor-type=\"wp-page\" data-elementor-id=\"2668\" class=\"elementor elementor-2668 elementor-2131\" data-elementor-post-type=\"page\">\n\t\t\t\t<div class=\"elementor-element elementor-element-5f02b66 e-flex e-con-boxed e-con e-parent\" data-id=\"5f02b66\" data-element_type=\"container\" data-e-type=\"container\" data-settings=\"{&quot;background_background&quot;:&quot;classic&quot;}\">\n\t\t\t\t\t<div class=\"e-con-inner\">\n\t\t<div class=\"elementor-element elementor-element-497da15 e-con-full e-flex e-con e-child\" data-id=\"497da15\" data-element_type=\"container\" data-e-type=\"container\">\n\t\t\t\t<div class=\"elementor-element elementor-element-c4b621a elementor-widget elementor-widget-image\" data-id=\"c4b621a\" data-element_type=\"widget\" data-e-type=\"widget\" data-widget_type=\"image.default\">\n\t\t\t\t\t\t\t\t\t\t\t\t\t\t\t\t<a href=\"https:\/\/cronopiosidiomas.com\/home\/\">\n\t\t\t\t\t\t\t<img fetchpriority=\"high\" decoding=\"async\" width=\"647\" height=\"301\" src=\"https:\/\/cronopiosidiomas.com\/wp-content\/uploads\/2025\/05\/Logo_Reducido_Cronopios_Blanco_RGB_300px.png\" class=\"attachment-large size-large wp-image-2134\" alt=\"\" srcset=\"https:\/\/cronopiosidiomas.com\/wp-content\/uploads\/2025\/05\/Logo_Reducido_Cronopios_Blanco_RGB_300px.png 647w, https:\/\/cronopiosidiomas.com\/wp-content\/uploads\/2025\/05\/Logo_Reducido_Cronopios_Blanco_RGB_300px-300x140.png 300w\" sizes=\"(max-width: 647px) 100vw, 647px\" \/>\t\t\t\t\t\t\t\t<\/a>\n\t\t\t\t\t\t\t\t\t\t\t\t\t\t\t<\/div>\n\t\t\t\t<div class=\"elementor-element elementor-element-7ddc9de elementor-widget elementor-widget-heading\" data-id=\"7ddc9de\" data-element_type=\"widget\" data-e-type=\"widget\" data-widget_type=\"heading.default\">\n\t\t\t\t\t<h1 class=\"elementor-heading-title elementor-size-default\">\u00a1Gracias por escribirnos!<\/h1>\t\t\t\t<\/div>\n\t\t\t\t<div class=\"elementor-element elementor-element-dafb2ec elementor-widget elementor-widget-text-editor\" data-id=\"dafb2ec\" data-element_type=\"widget\" data-e-type=\"widget\" data-widget_type=\"text-editor.default\">\n\t\t\t\t\t\t\t\t\t<h4>\u2705 El formulario se ha enviado <span style=\"color: #d8ffb5;\">correctamente<\/span> y nos pondremos en contacto contigo en las pr\u00f3ximas 24 horas.*<\/h4>\t\t\t\t\t\t\t\t<\/div>\n\t\t<div class=\"elementor-element elementor-element-b653702 e-con-full e-flex e-con e-child\" data-id=\"b653702\" data-element_type=\"container\" data-e-type=\"container\">\n\t\t\t\t<div class=\"elementor-element elementor-element-e9ef7f0 elementor-widget elementor-widget-button\" data-id=\"e9ef7f0\" data-element_type=\"widget\" data-e-type=\"widget\" data-widget_type=\"button.default\">\n\t\t\t\t\t\t\t\t\t\t<a class=\"elementor-button elementor-button-link elementor-size-sm\" href=\"https:\/\/cronopiosidiomas.com\/es\/la-escuela\/\">\n\t\t\t\t\t\t<span class=\"elementor-button-content-wrapper\">\n\t\t\t\t\t\t\t\t\t<span class=\"elementor-button-text\">Conoce m\u00e1s sobre la escuela<\/span>\n\t\t\t\t\t<\/span>\n\t\t\t\t\t<\/a>\n\t\t\t\t\t\t\t\t<\/div>\n\t\t\t\t<div class=\"elementor-element elementor-element-d3a33b1 elementor-widget elementor-widget-button\" data-id=\"d3a33b1\" data-element_type=\"widget\" data-e-type=\"widget\" data-widget_type=\"button.default\">\n\t\t\t\t\t\t\t\t\t\t<a class=\"elementor-button elementor-button-link elementor-size-sm\" href=\"https:\/\/estudiantes.cronopiosidiomas.com\/\" target=\"_blank\">\n\t\t\t\t\t\t<span class=\"elementor-button-content-wrapper\">\n\t\t\t\t\t\t\t\t\t<span class=\"elementor-button-text\">Consulta nuestras actividades culturales<\/span>\n\t\t\t\t\t<\/span>\n\t\t\t\t\t<\/a>\n\t\t\t\t\t\t\t\t<\/div>\n\t\t\t\t<div class=\"elementor-element elementor-element-2414323 elementor-widget elementor-widget-button\" data-id=\"2414323\" data-element_type=\"widget\" data-e-type=\"widget\" data-widget_type=\"button.default\">\n\t\t\t\t\t\t\t\t\t\t<a class=\"elementor-button elementor-button-link elementor-size-sm\" href=\"https:\/\/cronopiosidiomas.com\/#courses\">\n\t\t\t\t\t\t<span class=\"elementor-button-content-wrapper\">\n\t\t\t\t\t\t\t\t\t<span class=\"elementor-button-text\">Explora todos nuestros cursos<\/span>\n\t\t\t\t\t<\/span>\n\t\t\t\t\t<\/a>\n\t\t\t\t\t\t\t\t<\/div>\n\t\t\t\t<\/div>\n\t\t<div class=\"elementor-element elementor-element-1d4cf9d e-con-full e-flex e-con e-child\" data-id=\"1d4cf9d\" data-element_type=\"container\" data-e-type=\"container\">\n\t\t\t\t<div class=\"elementor-element elementor-element-455378f elementor-widget elementor-widget-image\" data-id=\"455378f\" data-element_type=\"widget\" data-e-type=\"widget\" data-widget_type=\"image.default\">\n\t\t\t\t\t\t\t\t\t\t\t\t\t\t\t<img decoding=\"async\" width=\"800\" height=\"450\" src=\"https:\/\/cronopiosidiomas.com\/wp-content\/uploads\/2025\/05\/Test-bgr-1024x576.png\" class=\"attachment-large size-large wp-image-2136\" alt=\"\" srcset=\"https:\/\/cronopiosidiomas.com\/wp-content\/uploads\/2025\/05\/Test-bgr-1024x576.png 1024w, https:\/\/cronopiosidiomas.com\/wp-content\/uploads\/2025\/05\/Test-bgr-300x169.png 300w, https:\/\/cronopiosidiomas.com\/wp-content\/uploads\/2025\/05\/Test-bgr-768x432.png 768w, https:\/\/cronopiosidiomas.com\/wp-content\/uploads\/2025\/05\/Test-bgr-1536x864.png 1536w, https:\/\/cronopiosidiomas.com\/wp-content\/uploads\/2025\/05\/Test-bgr.png 1920w\" sizes=\"(max-width: 800px) 100vw, 800px\" \/>\t\t\t\t\t\t\t\t\t\t\t\t\t\t\t<\/div>\n\t\t\t\t<div class=\"elementor-element elementor-element-6eb8ea6 elementor-widget elementor-widget-text-editor\" data-id=\"6eb8ea6\" data-element_type=\"widget\" data-e-type=\"widget\" data-widget_type=\"text-editor.default\">\n\t\t\t\t\t\t\t\t\t<p>*Nuestro horario de atenci\u00f3n al cliente es de lunes a viernes, de 9:00 a 17:00.<\/p>\t\t\t\t\t\t\t\t<\/div>\n\t\t\t\t<div class=\"elementor-element elementor-element-240dec1 elementor-widget elementor-widget-html\" data-id=\"240dec1\" data-element_type=\"widget\" data-e-type=\"widget\" data-widget_type=\"html.default\">\n\t\t\t\t\t<!-- Event snippet for contact-us-(principal) conversion page -->\r\n<script>\r\n  gtag('event', 'conversion', {'send_to': 'AW-986691119\/326uCPin_7MaEK_svtYD'});\r\n<\/script>\t\t\t\t<\/div>\n\t\t\t\t<\/div>\n\t\t\t\t<\/div>\n\t\t\t\t\t<\/div>\n\t\t\t\t<\/div>\n\t\t\t\t<\/div>\n\t\t","protected":false},"excerpt":{"rendered":"<p>\u00a1Gracias por escribirnos! \u2705 El formulario se ha enviado correctamente y nos pondremos en contacto contigo en las pr\u00f3ximas 24 horas.* Conoce m\u00e1s sobre la escuela Consulta nuestras actividades culturales Explora todos nuestros cursos *Nuestro horario de atenci\u00f3n al cliente es de lunes a viernes, de 9:00 a 17:00.<\/p>\n","protected":false},"author":3,"featured_media":0,"parent":0,"menu_order":0,"comment_status":"closed","ping_status":"closed","template":"elementor_canvas","meta":{"footnotes":""},"class_list":["post-2668","page","type-page","status-publish","hentry"],"_links":{"self":[{"href":"https:\/\/cronopiosidiomas.com\/es\/wp-json\/wp\/v2\/pages\/2668","targetHints":{"allow":["GET"]}}],"collection":[{"href":"https:\/\/cronopiosidiomas.com\/es\/wp-json\/wp\/v2\/pages"}],"about":[{"href":"https:\/\/cronopiosidiomas.com\/es\/wp-json\/wp\/v2\/types\/page"}],"author":[{"embeddable":true,"href":"https:\/\/cronopiosidiomas.com\/es\/wp-json\/wp\/v2\/users\/3"}],"replies":[{"embeddable":true,"href":"https:\/\/cronopiosidiomas.com\/es\/wp-json\/wp\/v2\/comments?post=2668"}],"version-history":[{"count":1,"href":"https:\/\/cronopiosidiomas.com\/es\/wp-json\/wp\/v2\/pages\/2668\/revisions"}],"predecessor-version":[{"id":2669,"href":"https:\/\/cronopiosidiomas.com\/es\/wp-json\/wp\/v2\/pages\/2668\/revisions\/2669"}],"wp:attachment":[{"href":"https:\/\/cronopiosidiomas.com\/es\/wp-json\/wp\/v2\/media?parent=2668"}],"curies":[{"name":"wp","href":"https:\/\/api.w.org\/{rel}","templated":true}]}}