{"id":2660,"date":"2025-01-15T11:49:07","date_gmt":"2025-01-15T10:49:07","guid":{"rendered":"https:\/\/cronopiosidiomas.com\/recursos-digitales\/"},"modified":"2025-06-06T10:40:24","modified_gmt":"2025-06-06T08:40:24","slug":"recursos-digitales","status":"publish","type":"page","link":"https:\/\/cronopiosidiomas.com\/es\/recursos-digitales\/","title":{"rendered":"Recursos digitales"},"content":{"rendered":"\t\t<div data-elementor-type=\"wp-page\" data-elementor-id=\"2660\" class=\"elementor elementor-2660 elementor-55\" data-elementor-post-type=\"page\">\n\t\t\t\t<div class=\"elementor-element elementor-element-5404060 e-flex e-con-boxed e-con e-parent\" data-id=\"5404060\" data-element_type=\"container\" data-e-type=\"container\">\n\t\t\t\t\t<div class=\"e-con-inner\">\n\t\t\t\t<div class=\"elementor-element elementor-element-b2a10a5 elementor-widget elementor-widget-heading\" data-id=\"b2a10a5\" data-element_type=\"widget\" data-e-type=\"widget\" data-widget_type=\"heading.default\">\n\t\t\t\t\t<h2 class=\"elementor-heading-title elementor-size-default\">Descarga nuestros cat\u00e1logos m\u00e1s recientes<br>y mantente al d\u00eda.\n<\/h2>\t\t\t\t<\/div>\n\t\t\t\t<div class=\"elementor-element elementor-element-53364d1 elementor-widget__width-initial elementor-widget-mobile__width-initial elementor-widget elementor-widget-text-editor\" data-id=\"53364d1\" data-element_type=\"widget\" data-e-type=\"widget\" data-widget_type=\"text-editor.default\">\n\t\t\t\t\t\t\t\t\t<p>Puedes descargar nuestros cat\u00e1logos m\u00e1s recientes para conocer m\u00e1s sobre lo que ofrecemos.<\/p>\t\t\t\t\t\t\t\t<\/div>\n\t\t\t\t<div class=\"elementor-element elementor-element-484d77c elementor-widget elementor-widget-text-editor\" data-id=\"484d77c\" data-element_type=\"widget\" data-e-type=\"widget\" data-widget_type=\"text-editor.default\">\n\t\t\t\t\t\t\t\t\t<p>\u00bfNecesitas ayuda? <a href=\"https:\/\/cronopiosidiomas.com\/es\/contactanos\/\">Contacta con un asesor \u2192<\/a> y te guiaremos en todo el proceso.<\/p>\t\t\t\t\t\t\t\t<\/div>\n\t\t\t\t\t<\/div>\n\t\t\t\t<\/div>\n\t\t<div class=\"elementor-element elementor-element-8f6b8d4 e-flex e-con-boxed e-con e-parent\" data-id=\"8f6b8d4\" data-element_type=\"container\" data-e-type=\"container\">\n\t\t\t\t\t<div class=\"e-con-inner\">\n\t\t<div class=\"elementor-element elementor-element-d7ab33e e-con-full e-flex e-con e-child\" data-id=\"d7ab33e\" data-element_type=\"container\" data-e-type=\"container\">\n\t\t\t\t<div class=\"elementor-element elementor-element-9bc16a5 elementor-widget elementor-widget-image\" data-id=\"9bc16a5\" data-element_type=\"widget\" data-e-type=\"widget\" data-widget_type=\"image.default\">\n\t\t\t\t\t\t\t\t\t\t\t\t\t\t\t<img fetchpriority=\"high\" decoding=\"async\" width=\"800\" height=\"578\" src=\"https:\/\/cronopiosidiomas.com\/wp-content\/uploads\/2025\/05\/Brochure-Agencies_Opt.png\" class=\"attachment-large size-large wp-image-2515\" alt=\"\" srcset=\"https:\/\/cronopiosidiomas.com\/wp-content\/uploads\/2025\/05\/Brochure-Agencies_Opt.png 831w, https:\/\/cronopiosidiomas.com\/wp-content\/uploads\/2025\/05\/Brochure-Agencies_Opt-300x217.png 300w, https:\/\/cronopiosidiomas.com\/wp-content\/uploads\/2025\/05\/Brochure-Agencies_Opt-768x555.png 768w\" sizes=\"(max-width: 800px) 100vw, 800px\" \/>\t\t\t\t\t\t\t\t\t\t\t\t\t\t\t<\/div>\n\t\t\t\t<div class=\"elementor-element elementor-element-febe11e elementor-mobile-align-center elementor-widget-mobile__width-initial elementor-align-center elementor-widget elementor-widget-button\" data-id=\"febe11e\" data-element_type=\"widget\" data-e-type=\"widget\" data-widget_type=\"button.default\">\n\t\t\t\t\t\t\t\t\t\t<a class=\"elementor-button elementor-button-link elementor-size-sm\" href=\"https:\/\/cronopiosidiomas.com\/wp-content\/uploads\/2025\/05\/Cronopios_Angencies_2025-Digital_C.pdf\" target=\"_blank\">\n\t\t\t\t\t\t<span class=\"elementor-button-content-wrapper\">\n\t\t\t\t\t\t\t\t\t<span class=\"elementor-button-text\">Cat\u00e1logo para agencias (EN)<\/span>\n\t\t\t\t\t<\/span>\n\t\t\t\t\t<\/a>\n\t\t\t\t\t\t\t\t<\/div>\n\t\t\t\t<\/div>\n\t\t<div class=\"elementor-element elementor-element-6b17162 e-con-full e-flex e-con e-child\" data-id=\"6b17162\" data-element_type=\"container\" data-e-type=\"container\">\n\t\t\t\t<div class=\"elementor-element elementor-element-0552c70 elementor-widget elementor-widget-image\" data-id=\"0552c70\" data-element_type=\"widget\" data-e-type=\"widget\" data-widget_type=\"image.default\">\n\t\t\t\t\t\t\t\t\t\t\t\t\t\t\t<img decoding=\"async\" width=\"800\" height=\"578\" src=\"https:\/\/cronopiosidiomas.com\/wp-content\/uploads\/2025\/05\/New-Courses-2025_opt2.png\" class=\"attachment-large size-large wp-image-2519\" alt=\"\" srcset=\"https:\/\/cronopiosidiomas.com\/wp-content\/uploads\/2025\/05\/New-Courses-2025_opt2.png 831w, https:\/\/cronopiosidiomas.com\/wp-content\/uploads\/2025\/05\/New-Courses-2025_opt2-300x217.png 300w, https:\/\/cronopiosidiomas.com\/wp-content\/uploads\/2025\/05\/New-Courses-2025_opt2-768x555.png 768w\" sizes=\"(max-width: 800px) 100vw, 800px\" \/>\t\t\t\t\t\t\t\t\t\t\t\t\t\t\t<\/div>\n\t\t\t\t<div class=\"elementor-element elementor-element-eccdcd9 elementor-mobile-align-center elementor-widget-mobile__width-initial elementor-align-center elementor-widget elementor-widget-button\" data-id=\"eccdcd9\" data-element_type=\"widget\" data-e-type=\"widget\" data-widget_type=\"button.default\">\n\t\t\t\t\t\t\t\t\t\t<a class=\"elementor-button elementor-button-link elementor-size-sm\" href=\"https:\/\/cronopiosidiomas.com\/wp-content\/uploads\/2025\/05\/Info-Students-2025.pdf\" target=\"_blank\">\n\t\t\t\t\t\t<span class=\"elementor-button-content-wrapper\">\n\t\t\t\t\t\t\t\t\t<span class=\"elementor-button-text\">Nuevos cursos 2025 (EN)<\/span>\n\t\t\t\t\t<\/span>\n\t\t\t\t\t<\/a>\n\t\t\t\t\t\t\t\t<\/div>\n\t\t\t\t<\/div>\n\t\t\t\t\t<\/div>\n\t\t\t\t<\/div>\n\t\t\t\t<\/div>\n\t\t","protected":false},"excerpt":{"rendered":"<p>Mantente informado sobre nuestros \u00faltimos cursos y ofertas accediendo a nuestros cat\u00e1logos actualizados.<\/p>\n","protected":false},"author":1,"featured_media":3665,"parent":0,"menu_order":0,"comment_status":"closed","ping_status":"closed","template":"elementor_header_footer","meta":{"footnotes":""},"class_list":["post-2660","page","type-page","status-publish","has-post-thumbnail","hentry"],"_links":{"self":[{"href":"https:\/\/cronopiosidiomas.com\/es\/wp-json\/wp\/v2\/pages\/2660","targetHints":{"allow":["GET"]}}],"collection":[{"href":"https:\/\/cronopiosidiomas.com\/es\/wp-json\/wp\/v2\/pages"}],"about":[{"href":"https:\/\/cronopiosidiomas.com\/es\/wp-json\/wp\/v2\/types\/page"}],"author":[{"embeddable":true,"href":"https:\/\/cronopiosidiomas.com\/es\/wp-json\/wp\/v2\/users\/1"}],"replies":[{"embeddable":true,"href":"https:\/\/cronopiosidiomas.com\/es\/wp-json\/wp\/v2\/comments?post=2660"}],"version-history":[{"count":3,"href":"https:\/\/cronopiosidiomas.com\/es\/wp-json\/wp\/v2\/pages\/2660\/revisions"}],"predecessor-version":[{"id":3713,"href":"https:\/\/cronopiosidiomas.com\/es\/wp-json\/wp\/v2\/pages\/2660\/revisions\/3713"}],"wp:featuredmedia":[{"embeddable":true,"href":"https:\/\/cronopiosidiomas.com\/es\/wp-json\/wp\/v2\/media\/3665"}],"wp:attachment":[{"href":"https:\/\/cronopiosidiomas.com\/es\/wp-json\/wp\/v2\/media?parent=2660"}],"curies":[{"name":"wp","href":"https:\/\/api.w.org\/{rel}","templated":true}]}}