{"id":2589,"date":"2025-04-24T13:15:17","date_gmt":"2025-04-24T11:15:17","guid":{"rendered":"https:\/\/cronopiosidiomas.com\/alojamiento\/"},"modified":"2026-04-15T10:47:48","modified_gmt":"2026-04-15T08:47:48","slug":"alojamiento","status":"publish","type":"page","link":"https:\/\/cronopiosidiomas.com\/es\/alojamiento\/","title":{"rendered":"Alojamiento"},"content":{"rendered":"\t\t<div data-elementor-type=\"wp-page\" data-elementor-id=\"2589\" class=\"elementor elementor-2589 elementor-1713\" data-elementor-post-type=\"page\">\n\t\t\t\t<div class=\"elementor-element elementor-element-16340cf e-flex e-con-boxed e-con e-parent\" data-id=\"16340cf\" data-element_type=\"container\" data-e-type=\"container\" data-settings=\"{&quot;background_background&quot;:&quot;classic&quot;}\">\n\t\t\t\t\t<div class=\"e-con-inner\">\n\t\t<div class=\"elementor-element elementor-element-15b5cc7 e-con-full e-flex e-con e-child\" data-id=\"15b5cc7\" data-element_type=\"container\" data-e-type=\"container\" data-settings=\"{&quot;background_background&quot;:&quot;classic&quot;}\">\n\t\t\t\t<div class=\"elementor-element elementor-element-6e9446b elementor-widget elementor-widget-heading\" data-id=\"6e9446b\" data-element_type=\"widget\" data-e-type=\"widget\" data-widget_type=\"heading.default\">\n\t\t\t\t\t<h1 class=\"elementor-heading-title elementor-size-default\">Alojamiento<\/h1>\t\t\t\t<\/div>\n\t\t\t\t<div class=\"elementor-element elementor-element-8ad7cc0 elementor-widget elementor-widget-heading\" data-id=\"8ad7cc0\" data-element_type=\"widget\" data-e-type=\"widget\" data-widget_type=\"heading.default\">\n\t\t\t\t\t<h2 class=\"elementor-heading-title elementor-size-default\">Encuentra tu casa en Madrid  <\/h2>\t\t\t\t<\/div>\n\t\t\t\t<div class=\"elementor-element elementor-element-092bc23 elementor-widget-mobile__width-initial elementor-widget elementor-widget-text-editor\" data-id=\"092bc23\" data-element_type=\"widget\" data-e-type=\"widget\" data-widget_type=\"text-editor.default\">\n\t\t\t\t\t\t\t\t\tAprender espa\u00f1ol es solo el principio, vivirlo empieza por encontrar el hogar perfecto. Tanto si sue\u00f1as con un acogedor piso compartido como con tu propio rinc\u00f3n tranquilo en la ciudad, nuestros alojamientos cuidadosamente seleccionados est\u00e1n dise\u00f1ados para que te sientas bienvenido, conectado y preparado para explorar Madrid como un madrile\u00f1o m\u00e1s. \t\t\t\t\t\t\t\t<\/div>\n\t\t<div class=\"elementor-element elementor-element-f570537 e-con-full e-flex e-con e-child\" data-id=\"f570537\" data-element_type=\"container\" data-e-type=\"container\">\n\t\t\t\t<div class=\"elementor-element elementor-element-cbcb730 elementor-widget elementor-widget-text-editor\" data-id=\"cbcb730\" data-element_type=\"widget\" data-e-type=\"widget\" data-widget_type=\"text-editor.default\">\n\t\t\t\t\t\t\t\t\t<p><a href=\"https:\/\/cronopiosidiomas.com\/es\/contactanos\/\">Contacta con nuestro asesor de alojamiento para estudiantes \u2192<\/a><\/p>\t\t\t\t\t\t\t\t<\/div>\n\t\t\t\t<\/div>\n\t\t\t\t<\/div>\n\t\t<div class=\"elementor-element elementor-element-13aa35e e-con-full e-flex e-con e-child\" data-id=\"13aa35e\" data-element_type=\"container\" data-e-type=\"container\" data-settings=\"{&quot;background_background&quot;:&quot;classic&quot;}\">\n\t\t\t\t<\/div>\n\t\t\t\t\t<\/div>\n\t\t\t\t<\/div>\n\t\t<div class=\"elementor-element elementor-element-ebfe0d1 e-flex e-con-boxed e-con e-parent\" data-id=\"ebfe0d1\" data-element_type=\"container\" data-e-type=\"container\" data-settings=\"{&quot;background_background&quot;:&quot;classic&quot;}\">\n\t\t\t\t\t<div class=\"e-con-inner\">\n\t\t\t\t<div class=\"elementor-element elementor-element-d79f08d elementor-widget-divider--view-line elementor-widget elementor-widget-divider\" data-id=\"d79f08d\" data-element_type=\"widget\" data-e-type=\"widget\" data-widget_type=\"divider.default\">\n\t\t\t\t\t\t\t<div class=\"elementor-divider\">\n\t\t\t<span class=\"elementor-divider-separator\">\n\t\t\t\t\t\t<\/span>\n\t\t<\/div>\n\t\t\t\t\t\t<\/div>\n\t\t\t\t\t<\/div>\n\t\t\t\t<\/div>\n\t\t<div class=\"elementor-element elementor-element-932a9b1 e-flex e-con-boxed e-con e-parent\" data-id=\"932a9b1\" data-element_type=\"container\" data-e-type=\"container\" data-settings=\"{&quot;background_background&quot;:&quot;classic&quot;}\">\n\t\t\t\t\t<div class=\"e-con-inner\">\n\t\t<div class=\"elementor-element elementor-element-b8e35fe e-con-full e-flex e-con e-child\" data-id=\"b8e35fe\" data-element_type=\"container\" data-e-type=\"container\" data-settings=\"{&quot;background_background&quot;:&quot;classic&quot;}\">\n\t\t\t\t<div class=\"elementor-element elementor-element-722feec elementor-widget-mobile__width-initial elementor-widget elementor-widget-text-editor\" data-id=\"722feec\" data-element_type=\"widget\" data-e-type=\"widget\" data-widget_type=\"text-editor.default\">\n\t\t\t\t\t\t\t\t\t<h3>Alojamiento en familia espa\u00f1ola en Madrid<\/h3>\t\t\t\t\t\t\t\t<\/div>\n\t\t\t\t<div class=\"elementor-element elementor-element-3ecf61b elementor-widget-mobile__width-initial elementor-widget elementor-widget-text-editor\" data-id=\"3ecf61b\" data-element_type=\"widget\" data-e-type=\"widget\" data-widget_type=\"text-editor.default\">\n\t\t\t\t\t\t\t\t\t<p>\u00bfBuscas una inmersi\u00f3n total en el espa\u00f1ol mientras estudias en Madrid? Alojarse con una familia local es la mejor manera de practicar espa\u00f1ol a diario y conocer la aut\u00e9ntica cultura espa\u00f1ola. En Cronopios Idiomas ofrecemos alojamiento en Madrid en familias de acogida cuidadosamente seleccionadas, dise\u00f1adas para que te sientas como en casa desde el primer d\u00eda.<\/p><p> <\/p><p>Nuestro entregado equipo empareja personalmente a cada estudiante con una familia de acogida en funci\u00f3n de su estilo de vida, preferencias y necesidades especiales. Todas nuestras familias de acogida tienen experiencia, son amables y se comprometen a ayudarte a mejorar tu espa\u00f1ol en un ambiente c\u00e1lido y de apoyo. <\/p><p> <\/p><p>Todas las estancias incluyen desayuno, y puedes elegir media pensi\u00f3n o pensi\u00f3n completa para mayor comodidad y deliciosas comidas caseras.<\/p><p> <\/p><p>Esta opci\u00f3n de alojamiento es parte de nuestro programa de responsabilidad social: al alojarte con una familia espa\u00f1ola apoyas a la comunidad local a la vez que aprovechas al m\u00e1ximo tu experiencia de aprendizaje en Madrid.<\/p>\t\t\t\t\t\t\t\t<\/div>\n\t\t\t\t<\/div>\n\t\t<div class=\"elementor-element elementor-element-3f89cc4 e-con-full e-flex e-con e-child\" data-id=\"3f89cc4\" data-element_type=\"container\" data-e-type=\"container\" data-settings=\"{&quot;background_background&quot;:&quot;classic&quot;}\">\n\t\t\t\t<\/div>\n\t\t<div class=\"elementor-element elementor-element-981f48b e-con-full e-flex e-con e-child\" data-id=\"981f48b\" data-element_type=\"container\" data-e-type=\"container\" data-settings=\"{&quot;background_background&quot;:&quot;classic&quot;}\">\n\t\t\t\t<\/div>\n\t\t\t\t\t<\/div>\n\t\t\t\t<\/div>\n\t\t<div class=\"elementor-element elementor-element-fb89adf e-flex e-con-boxed e-con e-parent\" data-id=\"fb89adf\" data-element_type=\"container\" data-e-type=\"container\" data-settings=\"{&quot;background_background&quot;:&quot;classic&quot;}\">\n\t\t\t\t\t<div class=\"e-con-inner\">\n\t\t<div class=\"elementor-element elementor-element-9248029 e-con-full e-flex e-con e-child\" data-id=\"9248029\" data-element_type=\"container\" data-e-type=\"container\" data-settings=\"{&quot;background_background&quot;:&quot;classic&quot;}\">\n\t\t<div class=\"elementor-element elementor-element-6555021 e-con-full e-flex e-con e-child\" data-id=\"6555021\" data-element_type=\"container\" data-e-type=\"container\">\n\t\t\t\t<div class=\"elementor-element elementor-element-b12f308 elementor-widget elementor-widget-heading\" data-id=\"b12f308\" data-element_type=\"widget\" data-e-type=\"widget\" data-widget_type=\"heading.default\">\n\t\t\t\t\t<h2 class=\"elementor-heading-title elementor-size-default\">Precios<\/h2>\t\t\t\t<\/div>\n\t\t<div class=\"elementor-element elementor-element-0ffa4db e-con-full e-flex e-con e-child\" data-id=\"0ffa4db\" data-element_type=\"container\" data-e-type=\"container\">\n\t\t<div class=\"elementor-element elementor-element-5e0fe1c e-con-full e-flex e-con e-child\" data-id=\"5e0fe1c\" data-element_type=\"container\" data-e-type=\"container\" data-settings=\"{&quot;background_background&quot;:&quot;classic&quot;}\">\n\t\t\t\t<div class=\"elementor-element elementor-element-2edd88f elementor-widget elementor-widget-text-editor\" data-id=\"2edd88f\" data-element_type=\"widget\" data-e-type=\"widget\" data-widget_type=\"text-editor.default\">\n\t\t\t\t\t\t\t\t\tTasa de alojamiento: <span style=\"color: #753bbd;\">39\u20ac<\/span>\t\t\t\t\t\t\t\t<\/div>\n\t\t\t\t<div class=\"elementor-element elementor-element-05cd78e elementor-widget-mobile__width-initial elementor-widget elementor-widget-text-editor\" data-id=\"05cd78e\" data-element_type=\"widget\" data-e-type=\"widget\" data-widget_type=\"text-editor.default\">\n\t\t\t\t\t\t\t\t\tLa comisi\u00f3n por alojamiento cubre gastos administrativos como la colocaci\u00f3n, la coordinaci\u00f3n y ayudarte a encontrar apartamentos a precios justos. Sin embargo, Cronopios Idiomas no recibe ninguna comisi\u00f3n adicional por tu alojamiento. \t\t\t\t\t\t\t\t<\/div>\n\t\t\t\t<\/div>\n\t\t\t\t<\/div>\n\t\t\t\t<div class=\"elementor-element elementor-element-6f9dd14 elementor-widget elementor-widget-spacer\" data-id=\"6f9dd14\" data-element_type=\"widget\" data-e-type=\"widget\" data-widget_type=\"spacer.default\">\n\t\t\t\t\t\t\t<div class=\"elementor-spacer\">\n\t\t\t<div class=\"elementor-spacer-inner\"><\/div>\n\t\t<\/div>\n\t\t\t\t\t\t<\/div>\n\t\t<div class=\"elementor-element elementor-element-77ec977 e-con-full e-flex e-con e-child\" data-id=\"77ec977\" data-element_type=\"container\" data-e-type=\"container\">\n\t\t<div class=\"elementor-element elementor-element-3257285 e-con-full e-flex e-con e-child\" data-id=\"3257285\" data-element_type=\"container\" data-e-type=\"container\" data-settings=\"{&quot;background_background&quot;:&quot;classic&quot;}\">\n\t\t\t\t<div class=\"elementor-element elementor-element-f99f2c3 elementor-widget elementor-widget-text-editor\" data-id=\"f99f2c3\" data-element_type=\"widget\" data-e-type=\"widget\" data-widget_type=\"text-editor.default\">\n\t\t\t\t\t\t\t\t\t<p>Habitaci\u00f3n individual<\/p>\t\t\t\t\t\t\t\t<\/div>\n\t\t\t\t<\/div>\n\t\t<div class=\"elementor-element elementor-element-e18e9d3 e-con-full e-flex e-con e-child\" data-id=\"e18e9d3\" data-element_type=\"container\" data-e-type=\"container\">\n\t\t\t\t<div class=\"elementor-element elementor-element-fb69da4 elementor-widget-mobile__width-initial elementor-widget elementor-widget-text-editor\" data-id=\"fb69da4\" data-element_type=\"widget\" data-e-type=\"widget\" data-widget_type=\"text-editor.default\">\n\t\t\t\t\t\t\t\t\t<p>Alojamiento y desayuno<\/p>\t\t\t\t\t\t\t\t<\/div>\n\t\t\t\t<div class=\"elementor-element elementor-element-4deaeea elementor-widget__width-inherit elementor-widget elementor-widget-text-editor\" data-id=\"4deaeea\" data-element_type=\"widget\" data-e-type=\"widget\" data-widget_type=\"text-editor.default\">\n\t\t\t\t\t\t\t\t\t<p>160 \u20ac<\/p>\t\t\t\t\t\t\t\t<\/div>\n\t\t\t\t<div class=\"elementor-element elementor-element-e05c42a elementor-widget-mobile__width-initial elementor-widget elementor-widget-text-editor\" data-id=\"e05c42a\" data-element_type=\"widget\" data-e-type=\"widget\" data-widget_type=\"text-editor.default\">\n\t\t\t\t\t\t\t\t\t<p>por semana<\/p>\t\t\t\t\t\t\t\t<\/div>\n\t\t\t\t<\/div>\n\t\t<div class=\"elementor-element elementor-element-28d4830 e-con-full e-flex e-con e-child\" data-id=\"28d4830\" data-element_type=\"container\" data-e-type=\"container\">\n\t\t\t\t<div class=\"elementor-element elementor-element-57e0db3 elementor-widget-mobile__width-initial elementor-widget elementor-widget-text-editor\" data-id=\"57e0db3\" data-element_type=\"widget\" data-e-type=\"widget\" data-widget_type=\"text-editor.default\">\n\t\t\t\t\t\t\t\t\t<p>Media pensi\u00f3n<\/p>\t\t\t\t\t\t\t\t<\/div>\n\t\t\t\t<div class=\"elementor-element elementor-element-f429151 elementor-widget__width-inherit elementor-widget elementor-widget-text-editor\" data-id=\"f429151\" data-element_type=\"widget\" data-e-type=\"widget\" data-widget_type=\"text-editor.default\">\n\t\t\t\t\t\t\t\t\t<p>195 \u20ac<\/p>\t\t\t\t\t\t\t\t<\/div>\n\t\t\t\t<div class=\"elementor-element elementor-element-12dd0d6 elementor-widget-mobile__width-initial elementor-widget elementor-widget-text-editor\" data-id=\"12dd0d6\" data-element_type=\"widget\" data-e-type=\"widget\" data-widget_type=\"text-editor.default\">\n\t\t\t\t\t\t\t\t\t<p>por semana<\/p>\t\t\t\t\t\t\t\t<\/div>\n\t\t\t\t<\/div>\n\t\t<div class=\"elementor-element elementor-element-f8cf683 e-con-full e-flex e-con e-child\" data-id=\"f8cf683\" data-element_type=\"container\" data-e-type=\"container\">\n\t\t\t\t<div class=\"elementor-element elementor-element-a30e769 elementor-widget-mobile__width-initial elementor-widget elementor-widget-text-editor\" data-id=\"a30e769\" data-element_type=\"widget\" data-e-type=\"widget\" data-widget_type=\"text-editor.default\">\n\t\t\t\t\t\t\t\t\t<p>Pensi\u00f3n completa<\/p>\t\t\t\t\t\t\t\t<\/div>\n\t\t\t\t<div class=\"elementor-element elementor-element-a5a9c1f elementor-widget__width-inherit elementor-widget elementor-widget-text-editor\" data-id=\"a5a9c1f\" data-element_type=\"widget\" data-e-type=\"widget\" data-widget_type=\"text-editor.default\">\n\t\t\t\t\t\t\t\t\t<p>230 \u20ac<\/p>\t\t\t\t\t\t\t\t<\/div>\n\t\t\t\t<div class=\"elementor-element elementor-element-a8a0dd5 elementor-widget-mobile__width-initial elementor-widget elementor-widget-text-editor\" data-id=\"a8a0dd5\" data-element_type=\"widget\" data-e-type=\"widget\" data-widget_type=\"text-editor.default\">\n\t\t\t\t\t\t\t\t\t<p>por semana<\/p>\t\t\t\t\t\t\t\t<\/div>\n\t\t\t\t<\/div>\n\t\t<div class=\"elementor-element elementor-element-f9fd59e e-con-full e-flex e-con e-child\" data-id=\"f9fd59e\" data-element_type=\"container\" data-e-type=\"container\">\n\t\t\t\t<div class=\"elementor-element elementor-element-236424e elementor-widget-mobile__width-initial elementor-widget elementor-widget-text-editor\" data-id=\"236424e\" data-element_type=\"widget\" data-e-type=\"widget\" data-widget_type=\"text-editor.default\">\n\t\t\t\t\t\t\t\t\t<p>Noche extra<\/p>\t\t\t\t\t\t\t\t<\/div>\n\t\t\t\t<div class=\"elementor-element elementor-element-1a3b4d8 elementor-widget__width-inherit elementor-widget elementor-widget-text-editor\" data-id=\"1a3b4d8\" data-element_type=\"widget\" data-e-type=\"widget\" data-widget_type=\"text-editor.default\">\n\t\t\t\t\t\t\t\t\t<p>40\/45\/50\u20ac<\/p>\t\t\t\t\t\t\t\t<\/div>\n\t\t\t\t<div class=\"elementor-element elementor-element-03e03a7 elementor-widget-mobile__width-initial elementor-widget elementor-widget-text-editor\" data-id=\"03e03a7\" data-element_type=\"widget\" data-e-type=\"widget\" data-widget_type=\"text-editor.default\">\n\t\t\t\t\t\t\t\t\t<p>por noche<\/p>\t\t\t\t\t\t\t\t<\/div>\n\t\t\t\t<\/div>\n\t\t\t\t<\/div>\n\t\t<div class=\"elementor-element elementor-element-8cafe86 e-con-full e-flex e-con e-child\" data-id=\"8cafe86\" data-element_type=\"container\" data-e-type=\"container\">\n\t\t<div class=\"elementor-element elementor-element-42ae26e e-con-full e-flex e-con e-child\" data-id=\"42ae26e\" data-element_type=\"container\" data-e-type=\"container\" data-settings=\"{&quot;background_background&quot;:&quot;classic&quot;}\">\n\t\t\t\t<div class=\"elementor-element elementor-element-112da7b elementor-widget elementor-widget-text-editor\" data-id=\"112da7b\" data-element_type=\"widget\" data-e-type=\"widget\" data-widget_type=\"text-editor.default\">\n\t\t\t\t\t\t\t\t\t<p>Habitaci\u00f3n doble<\/p>\t\t\t\t\t\t\t\t<\/div>\n\t\t\t\t<div class=\"elementor-element elementor-element-b929e65 elementor-widget-mobile__width-initial elementor-widget elementor-widget-text-editor\" data-id=\"b929e65\" data-element_type=\"widget\" data-e-type=\"widget\" data-widget_type=\"text-editor.default\">\n\t\t\t\t\t\t\t\t\t<p>(precio por persona)<\/p>\t\t\t\t\t\t\t\t<\/div>\n\t\t\t\t<\/div>\n\t\t<div class=\"elementor-element elementor-element-cf54a53 e-con-full e-flex e-con e-child\" data-id=\"cf54a53\" data-element_type=\"container\" data-e-type=\"container\">\n\t\t\t\t<div class=\"elementor-element elementor-element-980cd88 elementor-widget-mobile__width-initial elementor-widget elementor-widget-text-editor\" data-id=\"980cd88\" data-element_type=\"widget\" data-e-type=\"widget\" data-widget_type=\"text-editor.default\">\n\t\t\t\t\t\t\t\t\t<p>Alojamiento y desayuno<\/p>\t\t\t\t\t\t\t\t<\/div>\n\t\t\t\t<div class=\"elementor-element elementor-element-789bba5 elementor-widget__width-inherit elementor-widget elementor-widget-text-editor\" data-id=\"789bba5\" data-element_type=\"widget\" data-e-type=\"widget\" data-widget_type=\"text-editor.default\">\n\t\t\t\t\t\t\t\t\t<p>150 \u20ac<\/p>\t\t\t\t\t\t\t\t<\/div>\n\t\t\t\t<div class=\"elementor-element elementor-element-6c271d1 elementor-widget-mobile__width-initial elementor-widget elementor-widget-text-editor\" data-id=\"6c271d1\" data-element_type=\"widget\" data-e-type=\"widget\" data-widget_type=\"text-editor.default\">\n\t\t\t\t\t\t\t\t\t<p>por semana<\/p>\t\t\t\t\t\t\t\t<\/div>\n\t\t\t\t<\/div>\n\t\t<div class=\"elementor-element elementor-element-cc422db e-con-full e-flex e-con e-child\" data-id=\"cc422db\" data-element_type=\"container\" data-e-type=\"container\">\n\t\t\t\t<div class=\"elementor-element elementor-element-9eaf007 elementor-widget-mobile__width-initial elementor-widget elementor-widget-text-editor\" data-id=\"9eaf007\" data-element_type=\"widget\" data-e-type=\"widget\" data-widget_type=\"text-editor.default\">\n\t\t\t\t\t\t\t\t\t<p>Media pensi\u00f3n<\/p>\t\t\t\t\t\t\t\t<\/div>\n\t\t\t\t<div class=\"elementor-element elementor-element-80ebe3a elementor-widget__width-inherit elementor-widget elementor-widget-text-editor\" data-id=\"80ebe3a\" data-element_type=\"widget\" data-e-type=\"widget\" data-widget_type=\"text-editor.default\">\n\t\t\t\t\t\t\t\t\t<p>185 \u20ac<\/p>\t\t\t\t\t\t\t\t<\/div>\n\t\t\t\t<div class=\"elementor-element elementor-element-c5afe1b elementor-widget-mobile__width-initial elementor-widget elementor-widget-text-editor\" data-id=\"c5afe1b\" data-element_type=\"widget\" data-e-type=\"widget\" data-widget_type=\"text-editor.default\">\n\t\t\t\t\t\t\t\t\t<p>por semana<\/p>\t\t\t\t\t\t\t\t<\/div>\n\t\t\t\t<\/div>\n\t\t<div class=\"elementor-element elementor-element-20c3d6c e-con-full e-flex e-con e-child\" data-id=\"20c3d6c\" data-element_type=\"container\" data-e-type=\"container\">\n\t\t\t\t<div class=\"elementor-element elementor-element-a213348 elementor-widget-mobile__width-initial elementor-widget elementor-widget-text-editor\" data-id=\"a213348\" data-element_type=\"widget\" data-e-type=\"widget\" data-widget_type=\"text-editor.default\">\n\t\t\t\t\t\t\t\t\t<p>Pensi\u00f3n completa<\/p>\t\t\t\t\t\t\t\t<\/div>\n\t\t\t\t<div class=\"elementor-element elementor-element-6fe803d elementor-widget__width-inherit elementor-widget elementor-widget-text-editor\" data-id=\"6fe803d\" data-element_type=\"widget\" data-e-type=\"widget\" data-widget_type=\"text-editor.default\">\n\t\t\t\t\t\t\t\t\t<p>220 \u20ac<\/p>\t\t\t\t\t\t\t\t<\/div>\n\t\t\t\t<div class=\"elementor-element elementor-element-bb2dace elementor-widget-mobile__width-initial elementor-widget elementor-widget-text-editor\" data-id=\"bb2dace\" data-element_type=\"widget\" data-e-type=\"widget\" data-widget_type=\"text-editor.default\">\n\t\t\t\t\t\t\t\t\t<p>por semana<\/p>\t\t\t\t\t\t\t\t<\/div>\n\t\t\t\t<\/div>\n\t\t<div class=\"elementor-element elementor-element-195af39 e-con-full e-flex e-con e-child\" data-id=\"195af39\" data-element_type=\"container\" data-e-type=\"container\">\n\t\t\t\t<div class=\"elementor-element elementor-element-09f9c95 elementor-widget-mobile__width-initial elementor-widget elementor-widget-text-editor\" data-id=\"09f9c95\" data-element_type=\"widget\" data-e-type=\"widget\" data-widget_type=\"text-editor.default\">\n\t\t\t\t\t\t\t\t\t<p>Noche extra<\/p>\t\t\t\t\t\t\t\t<\/div>\n\t\t\t\t<div class=\"elementor-element elementor-element-cce11db elementor-widget__width-inherit elementor-widget elementor-widget-text-editor\" data-id=\"cce11db\" data-element_type=\"widget\" data-e-type=\"widget\" data-widget_type=\"text-editor.default\">\n\t\t\t\t\t\t\t\t\t<p>35\/40\/45\u20ac<\/p>\t\t\t\t\t\t\t\t<\/div>\n\t\t\t\t<div class=\"elementor-element elementor-element-3435e9e elementor-widget-mobile__width-initial elementor-widget elementor-widget-text-editor\" data-id=\"3435e9e\" data-element_type=\"widget\" data-e-type=\"widget\" data-widget_type=\"text-editor.default\">\n\t\t\t\t\t\t\t\t\t<p>por noche<\/p>\t\t\t\t\t\t\t\t<\/div>\n\t\t\t\t<\/div>\n\t\t\t\t<\/div>\n\t\t<div class=\"elementor-element elementor-element-fe0fb9e e-con-full e-flex e-con e-child\" data-id=\"fe0fb9e\" data-element_type=\"container\" data-e-type=\"container\">\n\t\t\t\t<div class=\"elementor-element elementor-element-81bcb9f elementor-widget-mobile__width-initial elementor-widget elementor-widget-text-editor\" data-id=\"81bcb9f\" data-element_type=\"widget\" data-e-type=\"widget\" data-widget_type=\"text-editor.default\">\n\t\t\t\t\t\t\t\t\t<p><a title=\"Condiciones de alojamiento en familia\" href=\"https:\/\/cronopiosidiomas.com\/wp-content\/uploads\/2026\/04\/Alojamiento-en-familia-Clausula-Visado.pdf\" target=\"_blank\" rel=\"noopener\"><b>Ver condiciones generales<\/b><\/a><\/p>\t\t\t\t\t\t\t\t<\/div>\n\t\t\t\t<\/div>\n\t\t\t\t<\/div>\n\t\t\t\t<\/div>\n\t\t\t\t\t<\/div>\n\t\t\t\t<\/div>\n\t\t<div class=\"elementor-element elementor-element-82398de e-flex e-con-boxed e-con e-parent\" data-id=\"82398de\" data-element_type=\"container\" data-e-type=\"container\">\n\t\t\t\t\t<div class=\"e-con-inner\">\n\t\t\t\t<div class=\"elementor-element elementor-element-2b67f54 elementor-widget-mobile__width-initial elementor-widget elementor-widget-text-editor\" data-id=\"2b67f54\" data-element_type=\"widget\" data-e-type=\"widget\" data-widget_type=\"text-editor.default\">\n\t\t\t\t\t\t\t\t\t<p>Estos precios son para una <strong>estancia de una semana<\/strong>, desde el <strong>domingo de llegada<\/strong> hasta el <strong>s\u00e1bado de salida<\/strong>. Cada semana comienza el <strong>domingo<\/strong> con la llegada del estudiante y termina el <strong>s\u00e1bado<\/strong> siguiente con su partida. <\/p>\n\n<p>Si el estudiante desea llegar <strong>antes<\/strong> o salir <strong>m\u00e1s tarde<\/strong>, debe informar a la escuela con antelaci\u00f3n. <strong>Las noches adicionales<\/strong> tendr\u00e1n un coste adicional. Para m\u00e1s detalles, consulta nuestras <strong>condiciones de alojamiento<\/strong>. <\/p>\n\t\t\t\t\t\t\t\t<\/div>\n\t\t\t\t<div class=\"elementor-element elementor-element-7c2e010 elementor-mobile-align-center elementor-widget elementor-widget-button\" data-id=\"7c2e010\" data-element_type=\"widget\" data-e-type=\"widget\" data-widget_type=\"button.default\">\n\t\t\t\t\t\t\t\t\t\t<a class=\"elementor-button elementor-button-link elementor-size-sm\" href=\"https:\/\/cronopiosidiomas.com\/es\/contactanos\/\">\n\t\t\t\t\t\t<span class=\"elementor-button-content-wrapper\">\n\t\t\t\t\t\t\t\t\t<span class=\"elementor-button-text\">Pide un presupuesto ahora<\/span>\n\t\t\t\t\t<\/span>\n\t\t\t\t\t<\/a>\n\t\t\t\t\t\t\t\t<\/div>\n\t\t\t\t\t<\/div>\n\t\t\t\t<\/div>\n\t\t\t\t<\/div>\n\t\t","protected":false},"excerpt":{"rendered":"<p>Encuentra alojamiento c\u00f3modo y acogedor para estudiantes en Madrid con Cronopios Idiomas. Te ayudamos a sentirte como en casa mientras aprendes espa\u00f1ol en el coraz\u00f3n de Espa\u00f1a. <\/p>\n","protected":false},"author":3,"featured_media":2383,"parent":0,"menu_order":0,"comment_status":"closed","ping_status":"closed","template":"elementor_header_footer","meta":{"footnotes":""},"class_list":["post-2589","page","type-page","status-publish","has-post-thumbnail","hentry"],"_links":{"self":[{"href":"https:\/\/cronopiosidiomas.com\/es\/wp-json\/wp\/v2\/pages\/2589","targetHints":{"allow":["GET"]}}],"collection":[{"href":"https:\/\/cronopiosidiomas.com\/es\/wp-json\/wp\/v2\/pages"}],"about":[{"href":"https:\/\/cronopiosidiomas.com\/es\/wp-json\/wp\/v2\/types\/page"}],"author":[{"embeddable":true,"href":"https:\/\/cronopiosidiomas.com\/es\/wp-json\/wp\/v2\/users\/3"}],"replies":[{"embeddable":true,"href":"https:\/\/cronopiosidiomas.com\/es\/wp-json\/wp\/v2\/comments?post=2589"}],"version-history":[{"count":5,"href":"https:\/\/cronopiosidiomas.com\/es\/wp-json\/wp\/v2\/pages\/2589\/revisions"}],"predecessor-version":[{"id":9540,"href":"https:\/\/cronopiosidiomas.com\/es\/wp-json\/wp\/v2\/pages\/2589\/revisions\/9540"}],"wp:featuredmedia":[{"embeddable":true,"href":"https:\/\/cronopiosidiomas.com\/es\/wp-json\/wp\/v2\/media\/2383"}],"wp:attachment":[{"href":"https:\/\/cronopiosidiomas.com\/es\/wp-json\/wp\/v2\/media?parent=2589"}],"curies":[{"name":"wp","href":"https:\/\/api.w.org\/{rel}","templated":true}]}}