{"id":5675,"date":"2025-04-30T09:46:24","date_gmt":"2025-04-30T07:46:24","guid":{"rendered":"https:\/\/cronopiosidiomas.com\/bedingungen-und-konditionen\/"},"modified":"2026-01-22T12:26:55","modified_gmt":"2026-01-22T11:26:55","slug":"bedingungen-und-konditionen","status":"publish","type":"page","link":"https:\/\/cronopiosidiomas.com\/de\/bedingungen-und-konditionen\/","title":{"rendered":"Bedingungen und Konditionen"},"content":{"rendered":"\t\t<div data-elementor-type=\"wp-page\" data-elementor-id=\"5675\" class=\"elementor elementor-5675 elementor-1909\" data-elementor-post-type=\"page\">\n\t\t\t\t<div class=\"elementor-element elementor-element-5345938 e-flex e-con-boxed e-con e-parent\" data-id=\"5345938\" data-element_type=\"container\" data-e-type=\"container\" data-settings=\"{&quot;background_background&quot;:&quot;classic&quot;}\">\n\t\t\t\t\t<div class=\"e-con-inner\">\n\t\t\t\t<div class=\"elementor-element elementor-element-013974b elementor-widget elementor-widget-text-editor\" data-id=\"013974b\" data-element_type=\"widget\" data-e-type=\"widget\" data-widget_type=\"text-editor.default\">\n\t\t\t\t\t\t\t\t\t<ul><li><strong>BUCHUNGSINFORMATIONEN<\/strong><\/li><\/ul><p>Um einen Kurs zu buchen, m\u00fcssen Sie nur das <a href=\"https:\/\/cronopiosidiomas.com\/en\/registration\/\">Anmeldeformular<\/a> ausf\u00fcllen und auf die Best\u00e4tigung der Schule warten. Diese Best\u00e4tigung wird Ihnen innerhalb von 3 Tagen zugesandt.<\/p><p>Die Zahlung im Voraus ist nicht obligatorisch. Sie k\u00f6nnen bei Ihrer Ankunft bezahlen und die Kosten f\u00fcr einen Transfer sparen. <\/p><ul><li><strong>EINSCHREIBE-INFORMATIONEN<\/strong><\/li><\/ul><p><strong>Einschreibe-Optionen<\/strong><\/p><p>Um sich f\u00fcr einen Kurs einzuschreiben, k\u00f6nnen Sie:<\/p><ul><li>Melden Sie sich an der Schule an.<\/li><li>Melden Sie sich <a href=\"https:\/\/cronopiosidiomas.com\/en\/registration\/\">online<\/a> an.<\/li><li>Sprechen Sie mit Ihrem Agenten. Agenten sind ausgewiesene Experten in Ihrem Land und k\u00f6nnen Sie fachkundig zu dem Kurs beraten, den Sie planen. Sie k\u00f6nnen Ihnen auch bei der Beantragung eines Visums helfen.  <\/li><\/ul><p>Wenn Sie ein allgemeines Studentenvisum ben\u00f6tigen, vergewissern Sie sich bitte, dass Sie die notwendigen Voraussetzungen kennen und erf\u00fcllen; Sie m\u00fcssen die spanische Botschaft in Ihrem Land aufsuchen. Weitere Informationen zu den Visabestimmungen finden Sie unter <a href=\"http:\/\/www.maec.es\/\" target=\"_blank\" rel=\"noopener\">www.maec.es.<\/a> Wir werden unser Bestes tun, um Ihnen in dieser Angelegenheit zu helfen.  <\/p><p><strong>Unsere Preise<\/strong><\/p><p>Unsere aktuellen <a href=\"https:\/\/cronopiosidiomas.com\/#courses\">Kurs-<\/a> und <a href=\"https:\/\/cronopiosidiomas.com\/de\/unterkunft\/\">Unterkunftspreise<\/a> finden Sie online. Sie m\u00fcssen uns zum Zeitpunkt der Buchung informieren, wenn Sie eine Unterkunft und\/oder einen Flughafentransfer ben\u00f6tigen. F\u00fcr alle unsere Kurse f\u00e4llt eine zus\u00e4tzliche Anmeldegeb\u00fchr (47 \u20ac) an, in der alle Kursmaterialien und die Buchungsverwaltung enthalten sind. Wenn Sie eine Unterkunft ben\u00f6tigen, beinhaltet die Unterkunftsgeb\u00fchr (39 \u20ac) die gesamte Buchungsverwaltung f\u00fcr die Unterkunft und den Flughafentransfer.<\/p><p><strong>Wie Sie bezahlen<\/strong><\/p><p>Bitte zahlen Sie nur in Euro.<\/p><p>Zahlungen k\u00f6nnen vorgenommen werden durch:<\/p><ul><li>Bargeld und Kreditkarten: bei Cronopios Idiomas, c\/ Espalter, 12, 28014 Madrid.<\/li><li>Bank\u00fcberweisung: Cronopios Idiomas ES95 3035 0376 13 3760004822. Alle Bankgeb\u00fchren m\u00fcssen vom K\u00e4ufer getragen werden. Bitte mailen Sie eine Kopie der \u00dcberweisung und die Rechnungsnummer(n), auf die sie sich bezieht. Bitte geben Sie neben dem Swift-Code auch den &#8218;IBAN CODE&#8216; an, da diese Codes einen sichereren Geldtransfer erm\u00f6glichen und die \u00dcberweisungsgeb\u00fchren des Absenders reduzieren:   <\/li><\/ul><p>Cronopios Idiomas S.Coop.Mad<br>C\u00f3digo IBAN: ES95 3035 0376 13 3760004822<br>C\u00f3digo BIC\/SWIFT: CLPEES2M<br>Banco: Caja Laboral<br>Direcci\u00f3n bancaria: Avda. Albufera 33, Madrid 28038, Espa\u00f1a.<\/p><p><strong>Leitfaden f\u00fcr Studenten<\/strong><\/p><p>Bei der Einschreibung erhalten die Studenten Zugang zum <strong data-start=\"340\" data-end=\"375\">Cronopios Idiomas Student Guide<\/strong>, der in digitalem Format (PDF) verf\u00fcgbar ist.  <\/p><p><a title=\"Studentenhandbuch Cronopios 2026\" href=\"https:\/\/cronopiosidiomas.com\/wp-content\/uploads\/2026\/01\/Guia-estudiante-ingles-2026a.pdf\" target=\"_blank\" rel=\"noopener\"><span style=\"text-decoration: underline;\">Studentenhandbuch (EN)<\/span><\/a><br><a title=\"Leitfaden f\u00fcr Studenten Cronopios 2026\" href=\"https:\/\/cronopiosidiomas.com\/wp-content\/uploads\/2026\/01\/Guia-del-estudiante-2026a.pdf\" target=\"_blank\" rel=\"noopener\"><span style=\"text-decoration: underline;\">Studentenhandbuch (ES)<\/span><\/a><\/p><p>Das Studentenhandbuch enth\u00e4lt wichtige Informationen \u00fcber die Schule, Kurse, akademische Vorschriften, Gemeinschaftsnormen, Einrichtungen, Verwaltungsangelegenheiten, Unterk\u00fcnfte und praktische Informationen f\u00fcr Studenten w\u00e4hrend ihres Aufenthalts bei Cronopios Idiomas.<\/p><p data-start=\"1037\" data-end=\"1242\">Cronopios Idiomas beh\u00e4lt sich das Recht vor, den Studentenleitfaden bei Bedarf zu aktualisieren. Jede aktualisierte Version wird unter dem oben genannten Link zur Verf\u00fcgung gestellt, und es gilt die zum Zeitpunkt der Einschreibung g\u00fcltige Version.<\/p><p data-start=\"1244\" data-end=\"1383\">Das Vers\u00e4umnis, den Inhalt des Studentenhandbuchs zu lesen oder zur Kenntnis zu nehmen, entbindet den Studenten nicht von der Einhaltung der darin enthaltenen Regeln und Richtlinien.<\/p><ul><li><strong>STORNIERUNGSBEDINGUNGEN<\/strong><\/li><\/ul><p><strong>Studenten ohne Visum<\/strong><\/p><p>Die Zahlung im Voraus ist nicht obligatorisch, aber wenn Sie dies tun, fallen bei einer Stornierung 21 Arbeitstage vor Kursbeginn keine Kosten an.<\/p><p>Wenn die Stornierung 21 Arbeitstage vor Kursbeginn mitgeteilt wird, hat der Kursteilnehmer nur Anspruch auf eine R\u00fcckerstattung von 50% der gesamten Kursgeb\u00fchren.<\/p><p>Erstattungen k\u00f6nnen bis zu 20 Arbeitstage dauern.<\/p><p>Geb\u00fchren f\u00fcr Kurse oder Teile von Kursen, die aufgrund von Abwesenheit, Versp\u00e4tung, Krankheit, vorzeitigem Verlassen des Kurses und\/oder anderen Umst\u00e4nden, die nicht in unseren Stornierungsrichtlinien aufgef\u00fchrt sind, vers\u00e4umt wurden, k\u00f6nnen nicht erstattet werden.<\/p><p><strong>Visum Studenten<\/strong><\/p><p>Wenn Ihnen das Visum verweigert wird, erstatten wir Ihnen Ihre Vorauszahlung in voller H\u00f6he zur\u00fcck, abgesehen von den anfallenden Verwaltungskosten (250 \u20ac) und den Unterbringungskosten (150 \u20ac), sofern die Stornierung innerhalb von mindestens 21 Werktagen vor der Ankunft erfolgt.<\/p><p>F\u00fcr die R\u00fcckerstattung der vor der Ablehnung des Visumantrags geleisteten Zahlung muss der Student uns schriftlich benachrichtigen und den offiziellen Bescheid (mit Datum, Siegel und Unterschrift) der spanischen Botschaft oder des Konsulats beif\u00fcgen.<\/p><p>In der offiziellen Ablehnungsmitteilung werden der Name des Studenten, die Passnummer und das beantragte Visum deutlich angegeben.<\/p><p>Erstattungen k\u00f6nnen bis zu 20 Arbeitstage dauern.<\/p><p>Geb\u00fchren f\u00fcr Kurse oder Teile von Kursen, die aufgrund von Abwesenheit, Versp\u00e4tung, Krankheit, vorzeitigem Verlassen des Kurses und\/oder anderen Umst\u00e4nden, die nicht in unseren Stornierungsrichtlinien aufgef\u00fchrt sind, vers\u00e4umt wurden, k\u00f6nnen nicht erstattet werden.<\/p><p><strong>Kurse mit NIE-Verl\u00e4ngerung oder Studiengenehmigung<\/strong><\/p><p>Wenn Sie Ihre NIE (Ausl\u00e4nder-Identifikationsnummer) oder Ihre Studienerlaubnis beantragen oder verl\u00e4ngern m\u00fcssen und diese vor Kursbeginn verweigert wird, erhalten Sie eine R\u00fcckerstattung von 100% der Gesamtkosten, abz\u00fcglich 250 \u20ac f\u00fcr Verwaltungskosten.<\/p><p>Um eine R\u00fcckerstattung der Vorauszahlung zu beantragen, muss der Student uns schriftlich \u00fcber die Stornierung aufgrund der Ablehnung des Bewerbungsverfahrens, der Studiengenehmigung oder der NIE-Verl\u00e4ngerung informieren und das offizielle Ablehnungsdokument mit Datum, Unterschrift und Siegel, das von der entsprechenden Institution in Madrid ausgestellt wurde, beif\u00fcgen.<\/p><p>Auf dem offiziellen Verweigerungsdokument m\u00fcssen der Name des Studenten, seine Pass-\/NIE-Nummer und das angeforderte Dokument deutlich angegeben sein.<\/p><p>Erstattungen k\u00f6nnen bis zu 20 Arbeitstage dauern.<\/p><p>Geb\u00fchren f\u00fcr Kurse oder Teile von Kursen, die aufgrund von Abwesenheit, Versp\u00e4tung, Krankheit, vorzeitigem Verlassen des Kurses und\/oder anderen Umst\u00e4nden, die nicht in unseren Stornierungsrichtlinien aufgef\u00fchrt sind, vers\u00e4umt wurden, k\u00f6nnen nicht erstattet werden.<\/p><ul><li><strong>SCHUTZ DER PRIVATEN DATEN<\/strong><\/li><\/ul><p>In \u00dcbereinstimmung mit den geltenden Vorschriften informieren wir die Studenten dar\u00fcber, dass Ihre pers\u00f6nlichen Daten und Informationen auf Servern in der Europ\u00e4ischen Union verarbeitet und gespeichert werden und Eigentum von Cronopios Idiomas S.COOP.MAD sind. Ihre privaten Daten werden ausschlie\u00dflich f\u00fcr die kommerziellen und operativen Zwecke des Unternehmens verwendet. Indem Sie die vorliegenden Bedingungen akzeptieren, geben Sie Ihr Einverst\u00e4ndnis, dass Ihre Daten f\u00fcr die oben genannten Zwecke verwendet werden. Sie haben das Recht, Informationen \u00fcber Ihre Rechte auf Zugang, Berichtigung und L\u00f6schung dieser Daten anzufordern, indem Sie an die folgende Adresse schreiben: hola@cronopiosidiomas.com   <\/p><ul><li><strong>BILDRECHTE<\/strong><\/li><\/ul><p>Mit der Anmeldung erteilen die Sch\u00fcler Cronopios Idiomas die Erlaubnis, ihnen Informationen \u00fcber die Schule zuzusenden, Fotos und Videos von ihnen zu machen und Bilder von Aktivit\u00e4ten zu verwenden, die von den Sch\u00fclern w\u00e4hrend des Unterrichts durchgef\u00fchrt werden, sowie Bilder von anderen Schulaktivit\u00e4ten, die au\u00dferhalb des Unterrichts stattfinden. Der Entzug dieser Erlaubnis muss im Voraus mitgeteilt werden. Die Sch\u00fcler werden gebeten, bei der Einschreibung ein Formular auszuf\u00fcllen.  <\/p><ul><li><strong>KURSZEITEN UND FERIEN<\/strong><\/li><\/ul><p><strong>Startdaten<\/strong><\/p><p>Die allgemeinen Spanischkurse beginnen jeden Montag (au\u00dfer an nationalen\/\u00f6ffentlichen Feiertagen). Alle anderen Kurse haben bestimmte Starttermine. Bitte kontaktieren Sie uns f\u00fcr weitere Informationen. Wenn Sie ein Student sind, der ein Visum ben\u00f6tigt, planen Sie bitte gen\u00fcgend Zeit f\u00fcr die Bearbeitung Ihres Visumsantrags ein. In der Regel ist eine vierw\u00f6chige Vorank\u00fcndigung der Visabest\u00e4tigung erforderlich.    <\/p><p><strong>Feiertage<\/strong><\/p><p>Die Schule ist an den lokalen und nationalen Feiertagen geschlossen. Bei Kursen mit einer Dauer von 1 bis 4 Wochen werden lokale und nationale Feiertage nicht in den Vertrag eingerechnet und der entsprechende Abzug wird daher im Endpreis des Vertrages vorgenommen. <\/p><p>Die Schule bleibt zu Weihnachten zwei Wochen lang und in der gesamten Osterwoche geschlossen. Diese Tage sind in keinem Vertrag enthalten und m\u00fcssen von den Sch\u00fclern nicht bezahlt werden. <\/p><p>Langzeitstudenten, die ihren Kurs aus Urlaubsgr\u00fcnden vor\u00fcbergehend unterbrechen m\u00f6chten, m\u00fcssen die Schule mindestens 15 Tage im Voraus \u00fcber die Unterbrechung des Kurses informieren. Diese Unterbrechung muss von der Schule genehmigt werden. <\/p><p><strong>Spanisch Level Test<\/strong><\/p><p>Die Sch\u00fcler m\u00fcssen einen Einstufungstest f\u00fcr Spanisch durchf\u00fchren. Der Test hilft Cronopios Idiomas bei der Beurteilung der Lernanforderungen und des Stundenplans der Sch\u00fcler. Jede \u00c4nderung des Sprachniveaus und\/oder des Stundenplans eines Sch\u00fclers unterliegt der Genehmigung durch Cronopios Idiomas und der Verf\u00fcgbarkeit von Kursen. Die Einstufungstests f\u00fcr Spanisch k\u00f6nnen am Tag der Ankunft oder vor Kursbeginn in der Schule und\/oder elektronisch durchgef\u00fchrt werden. Einer unserer Lehrer wird zur Verf\u00fcgung stehen, um die Einstufungstests mit den Sch\u00fclern zu besprechen und zu bewerten.    <\/p><p><strong>Anwesenheit und Aufenthalt in der Gruppe<\/strong><\/p><p>Der Sch\u00fcler ist verpflichtet, an allen Kursen teilzunehmen und das Beste aus ihnen zu machen. Wenn der Sch\u00fcler mehr als 80% der Unterrichtsstunden vers\u00e4umt oder keine akademischen Fortschritte macht (\u00fcberpr\u00fcft durch Tests zum Abschluss des Kurses und die eigene Bewertung des Lehrers), beh\u00e4lt sich Cronopios Idiomas das Recht vor, die Gruppe und das Niveau des Sch\u00fclers zu \u00e4ndern, falls dies notwendig ist. Sollte der Wechsel in eine Gruppe erfolgen, die noch nicht ge\u00f6ffnet ist, muss der Sch\u00fcler warten, bis die Gruppe ge\u00f6ffnet wird. Die Wartezeit auf die Gruppe liegt in der Verantwortung des Kursteilnehmers, so dass der f\u00fcr den Kurs gezahlte Betrag unter keinen Umst\u00e4nden zur\u00fcckerstattet werden kann. Nichtsdestotrotz z\u00e4hlt die Schule die Wartetage nicht als vertraglich vereinbarte Tage, so dass der Vertrag fortgesetzt wird, sobald der Sch\u00fcler den Unterricht in der neuen Gruppe fortsetzt.    <\/p><p><strong>Fahrplan<\/strong><\/p><p>Die Kursteilnehmer erhalten den Stundenplan eine Woche vor Kursbeginn. Bitte beachten Sie jedoch, dass sich Cronopios Idiomas im Falle unvorhergesehener Umst\u00e4nde das Recht vorbeh\u00e4lt, den Stundenplan zu \u00e4ndern und\/oder den Unterricht zu verschieben. <\/p><ul><li><strong>UNTERKUNFT<\/strong><\/li><\/ul><p>Cronopios Idiomas S.Coop.Mad ist der Vermittler zwischen den Studenten und den Familien, die sie aufnehmen m\u00f6chten, und daf\u00fcr erhalten wir eine Unterkunftsgeb\u00fchr von 30 (drei\u00dfig) \u20ac. Der Rest des Gesamtbetrags muss vollst\u00e4ndig an die Gastfamilie gezahlt werden. <\/p><p>Die Familie verpflichtet sich, den Studenten aufzunehmen und die festgelegten Bedingungen w\u00e4hrend seines gesamten Aufenthalts zu respektieren sowie sein sprachliches Eintauchen zu f\u00f6rdern.<\/p><p>Die Schule verpflichtet sich, so schnell wie m\u00f6glich eine neue Unterkunft f\u00fcr den Sch\u00fcler zu suchen, wenn die Familie und\/oder der Sch\u00fcler nicht mehr zusammenleben m\u00f6chten.<\/p><p>Bez\u00fcglich der Zahlungsmethode:<\/p><ul><li>Einw\u00f6chige Aufenthalte: Der Student verpflichtet sich, der Familie am dritten Tag des Aufenthalts den vereinbarten Betrag f\u00fcr die Woche zu zahlen, entweder in bar oder per Bank\u00fcberweisung.<\/li><li>Aufenthalte von 2 bis 7 Wochen: Der Student verpflichtet sich, der Familie sieben Tage nach seiner Ankunft den vereinbarten Betrag f\u00fcr den gesamten Aufenthalt zu zahlen, entweder in bar oder per Bank\u00fcberweisung.<\/li><li>2-monatige Aufenthalte: Der Student verpflichtet sich, der Familie mindestens den vereinbarten Betrag f\u00fcr den ersten Monat des Aufenthalts sieben Tage nach seiner Ankunft zu zahlen. Den Rest des Aufenthalts bezahlt der Student am Ende seines Aufenthalts, entweder in bar oder per \u00dcberweisung <\/li><li>Aufenthalte von mehr als 2 Monaten: der Student verpflichtet sich, der Familie mindestens den vereinbarten Betrag f\u00fcr den ersten Monat des Aufenthalts sieben Tage nach seiner Ankunft zu zahlen. Der Student zahlt den vereinbarten Betrag f\u00fcr die folgenden Monate des Aufenthalts am Ende eines jeden Monats, entweder in bar oder per Bank\u00fcberweisung. <\/li><\/ul><p>Der Student verpflichtet sich, die Regeln der Familie und die festgelegten Bedingungen w\u00e4hrend seines gesamten Aufenthalts zu respektieren. Im Falle erheblicher Sch\u00e4den an der Unterkunft, die durch den Studenten verursacht wurden, wird die Familie die finanziellen Kosten f\u00fcr den Schaden absch\u00e4tzen und die Schule benachrichtigen. Ein Mitarbeiter der Schule wird dann die Wohnung besichtigen und das Ausma\u00df des Schadens \u00fcberpr\u00fcfen, um die Richtigkeit der Einsch\u00e4tzung der Familie zu best\u00e4tigen. Die Schule teilt dem Sch\u00fcler dann den Betrag mit, den er zu zahlen hat.   <\/p><p>Ein Doppelzimmer ist nur verf\u00fcgbar, wenn zwei Studenten zusammen untergebracht werden. Wenn ein Sch\u00fcler ein Doppelzimmer beantragt, aber nicht von einem anderen Sch\u00fcler begleitet wird, wird er mit einer Person desselben Geschlechts und anderer Nationalit\u00e4t oder Muttersprache untergebracht. Die Familie darf weder einen Sch\u00fcler, der ein Einzelzimmer beantragt hat, in einem Doppelzimmer unterbringen, es sei denn, die Schule wurde vorher dar\u00fcber informiert, noch darf sie einen Sch\u00fcler, der ein Doppelzimmer beantragt hat, in einem Einzelzimmer unterbringen.  <\/p>\t\t\t\t\t\t\t\t<\/div>\n\t\t\t\t\t<\/div>\n\t\t\t\t<\/div>\n\t\t\t\t<\/div>\n\t\t","protected":false},"excerpt":{"rendered":"<p>BUCHUNGSINFORMATIONEN Um einen Kurs zu buchen, m\u00fcssen Sie nur das Anmeldeformular ausf\u00fcllen und auf die Best\u00e4tigung der Schule warten. Diese Best\u00e4tigung wird Ihnen innerhalb von 3 Tagen zugesandt. Die Zahlung im Voraus ist nicht obligatorisch. Sie k\u00f6nnen bei Ihrer Ankunft bezahlen und die Kosten f\u00fcr einen Transfer sparen. EINSCHREIBE-INFORMATIONEN Einschreibe-Optionen Um sich f\u00fcr einen Kurs [&hellip;]<\/p>\n","protected":false},"author":3,"featured_media":0,"parent":0,"menu_order":0,"comment_status":"closed","ping_status":"closed","template":"elementor_header_footer","meta":{"footnotes":""},"class_list":["post-5675","page","type-page","status-publish","hentry"],"_links":{"self":[{"href":"https:\/\/cronopiosidiomas.com\/de\/wp-json\/wp\/v2\/pages\/5675","targetHints":{"allow":["GET"]}}],"collection":[{"href":"https:\/\/cronopiosidiomas.com\/de\/wp-json\/wp\/v2\/pages"}],"about":[{"href":"https:\/\/cronopiosidiomas.com\/de\/wp-json\/wp\/v2\/types\/page"}],"author":[{"embeddable":true,"href":"https:\/\/cronopiosidiomas.com\/de\/wp-json\/wp\/v2\/users\/3"}],"replies":[{"embeddable":true,"href":"https:\/\/cronopiosidiomas.com\/de\/wp-json\/wp\/v2\/comments?post=5675"}],"version-history":[{"count":3,"href":"https:\/\/cronopiosidiomas.com\/de\/wp-json\/wp\/v2\/pages\/5675\/revisions"}],"predecessor-version":[{"id":9025,"href":"https:\/\/cronopiosidiomas.com\/de\/wp-json\/wp\/v2\/pages\/5675\/revisions\/9025"}],"wp:attachment":[{"href":"https:\/\/cronopiosidiomas.com\/de\/wp-json\/wp\/v2\/media?parent=5675"}],"curies":[{"name":"wp","href":"https:\/\/api.w.org\/{rel}","templated":true}]}}