{"id":5654,"date":"2025-04-24T13:15:17","date_gmt":"2025-04-24T11:15:17","guid":{"rendered":"https:\/\/cronopiosidiomas.com\/unterkunft\/"},"modified":"2026-04-15T10:47:48","modified_gmt":"2026-04-15T08:47:48","slug":"unterkunft","status":"publish","type":"page","link":"https:\/\/cronopiosidiomas.com\/de\/unterkunft\/","title":{"rendered":"Unterkunft"},"content":{"rendered":"\t\t<div data-elementor-type=\"wp-page\" data-elementor-id=\"5654\" class=\"elementor elementor-5654 elementor-1713\" data-elementor-post-type=\"page\">\n\t\t\t\t<div class=\"elementor-element elementor-element-16340cf e-flex e-con-boxed e-con e-parent\" data-id=\"16340cf\" data-element_type=\"container\" data-e-type=\"container\" data-settings=\"{&quot;background_background&quot;:&quot;classic&quot;}\">\n\t\t\t\t\t<div class=\"e-con-inner\">\n\t\t<div class=\"elementor-element elementor-element-15b5cc7 e-con-full e-flex e-con e-child\" data-id=\"15b5cc7\" data-element_type=\"container\" data-e-type=\"container\" data-settings=\"{&quot;background_background&quot;:&quot;classic&quot;}\">\n\t\t\t\t<div class=\"elementor-element elementor-element-6e9446b elementor-widget elementor-widget-heading\" data-id=\"6e9446b\" data-element_type=\"widget\" data-e-type=\"widget\" data-widget_type=\"heading.default\">\n\t\t\t\t\t<h1 class=\"elementor-heading-title elementor-size-default\">Unterkunft<\/h1>\t\t\t\t<\/div>\n\t\t\t\t<div class=\"elementor-element elementor-element-8ad7cc0 elementor-widget elementor-widget-heading\" data-id=\"8ad7cc0\" data-element_type=\"widget\" data-e-type=\"widget\" data-widget_type=\"heading.default\">\n\t\t\t\t\t<h2 class=\"elementor-heading-title elementor-size-default\">Finden Sie Ihr Zuhause in Madrid  <\/h2>\t\t\t\t<\/div>\n\t\t\t\t<div class=\"elementor-element elementor-element-092bc23 elementor-widget-mobile__width-initial elementor-widget elementor-widget-text-editor\" data-id=\"092bc23\" data-element_type=\"widget\" data-e-type=\"widget\" data-widget_type=\"text-editor.default\">\n\t\t\t\t\t\t\t\t\tSpanisch zu lernen ist nur der Anfang, das Leben beginnt mit der Suche nach dem perfekten Zuhause. Ganz gleich, ob Sie von einer gem\u00fctlichen WG oder Ihrer eigenen ruhigen Ecke in der Stadt tr\u00e4umen, unsere handverlesenen Unterk\u00fcnfte sind so gestaltet, dass Sie sich willkommen und verbunden f\u00fchlen und bereit sind, Madrid wie ein Einheimischer zu erkunden. \t\t\t\t\t\t\t\t<\/div>\n\t\t<div class=\"elementor-element elementor-element-f570537 e-con-full e-flex e-con e-child\" data-id=\"f570537\" data-element_type=\"container\" data-e-type=\"container\">\n\t\t\t\t<div class=\"elementor-element elementor-element-cbcb730 elementor-widget elementor-widget-text-editor\" data-id=\"cbcb730\" data-element_type=\"widget\" data-e-type=\"widget\" data-widget_type=\"text-editor.default\">\n\t\t\t\t\t\t\t\t\t<p><a href=\"https:\/\/cronopiosidiomas.com\/de\/kontaktieren-sie-uns\/\">Kontaktieren Sie unseren Berater f\u00fcr Studentisches Wohnen \u2192<\/a><\/p>\t\t\t\t\t\t\t\t<\/div>\n\t\t\t\t<\/div>\n\t\t\t\t<\/div>\n\t\t<div class=\"elementor-element elementor-element-13aa35e e-con-full e-flex e-con e-child\" data-id=\"13aa35e\" data-element_type=\"container\" data-e-type=\"container\" data-settings=\"{&quot;background_background&quot;:&quot;classic&quot;}\">\n\t\t\t\t<\/div>\n\t\t\t\t\t<\/div>\n\t\t\t\t<\/div>\n\t\t<div class=\"elementor-element elementor-element-ebfe0d1 e-flex e-con-boxed e-con e-parent\" data-id=\"ebfe0d1\" data-element_type=\"container\" data-e-type=\"container\" data-settings=\"{&quot;background_background&quot;:&quot;classic&quot;}\">\n\t\t\t\t\t<div class=\"e-con-inner\">\n\t\t\t\t<div class=\"elementor-element elementor-element-d79f08d elementor-widget-divider--view-line elementor-widget elementor-widget-divider\" data-id=\"d79f08d\" data-element_type=\"widget\" data-e-type=\"widget\" data-widget_type=\"divider.default\">\n\t\t\t\t\t\t\t<div class=\"elementor-divider\">\n\t\t\t<span class=\"elementor-divider-separator\">\n\t\t\t\t\t\t<\/span>\n\t\t<\/div>\n\t\t\t\t\t\t<\/div>\n\t\t\t\t\t<\/div>\n\t\t\t\t<\/div>\n\t\t<div class=\"elementor-element elementor-element-932a9b1 e-flex e-con-boxed e-con e-parent\" data-id=\"932a9b1\" data-element_type=\"container\" data-e-type=\"container\" data-settings=\"{&quot;background_background&quot;:&quot;classic&quot;}\">\n\t\t\t\t\t<div class=\"e-con-inner\">\n\t\t<div class=\"elementor-element elementor-element-b8e35fe e-con-full e-flex e-con e-child\" data-id=\"b8e35fe\" data-element_type=\"container\" data-e-type=\"container\" data-settings=\"{&quot;background_background&quot;:&quot;classic&quot;}\">\n\t\t\t\t<div class=\"elementor-element elementor-element-722feec elementor-widget-mobile__width-initial elementor-widget elementor-widget-text-editor\" data-id=\"722feec\" data-element_type=\"widget\" data-e-type=\"widget\" data-widget_type=\"text-editor.default\">\n\t\t\t\t\t\t\t\t\t<h3>Spanische Gastfamilie Unterkunft in Madrid<\/h3>\t\t\t\t\t\t\t\t<\/div>\n\t\t\t\t<div class=\"elementor-element elementor-element-3ecf61b elementor-widget-mobile__width-initial elementor-widget elementor-widget-text-editor\" data-id=\"3ecf61b\" data-element_type=\"widget\" data-e-type=\"widget\" data-widget_type=\"text-editor.default\">\n\t\t\t\t\t\t\t\t\t<p>M\u00f6chten Sie w\u00e4hrend Ihres Studiums in Madrid vollst\u00e4ndig in die spanische Sprache eintauchen? Der Aufenthalt bei einer einheimischen Gastfamilie ist die beste M\u00f6glichkeit, Ihr Spanisch t\u00e4glich zu \u00fcben und die authentische spanische Kultur zu erleben. Bei Cronopios Idiomas bieten wir sorgf\u00e4ltig ausgew\u00e4hlte Gastfamilienunterk\u00fcnfte in Madrid an, damit Sie sich vom ersten Tag an wie zu Hause f\u00fchlen.<\/p><p> <\/p><p>Unser engagiertes Team sucht f\u00fcr jeden Sch\u00fcler pers\u00f6nlich eine Gastfamilie aus, je nach Lebensstil, Vorlieben und besonderen Bed\u00fcrfnissen. Alle unsere Gastfamilien sind erfahren, freundlich und engagiert, um Ihnen zu helfen, Ihr Spanisch in einer warmen, unterst\u00fctzenden Umgebung zu verbessern. <\/p><p> <\/p><p>Bei jedem Aufenthalt ist das Fr\u00fchst\u00fcck inbegriffen, und Sie k\u00f6nnen sich f\u00fcr Halb- oder Vollpension entscheiden, um mehr Komfort und k\u00f6stliche, hausgemachte Mahlzeiten zu genie\u00dfen.<\/p><p> <\/p><p>Diese Unterkunftsoption ist Teil unseres Programms f\u00fcr soziale Verantwortung. Indem Sie bei einer spanischen Familie wohnen, unterst\u00fctzen Sie die lokale Gemeinschaft und machen gleichzeitig das Beste aus Ihrem Sprachaufenthalt in Madrid.<\/p>\t\t\t\t\t\t\t\t<\/div>\n\t\t\t\t<\/div>\n\t\t<div class=\"elementor-element elementor-element-3f89cc4 e-con-full e-flex e-con e-child\" data-id=\"3f89cc4\" data-element_type=\"container\" data-e-type=\"container\" data-settings=\"{&quot;background_background&quot;:&quot;classic&quot;}\">\n\t\t\t\t<\/div>\n\t\t<div class=\"elementor-element elementor-element-981f48b e-con-full e-flex e-con e-child\" data-id=\"981f48b\" data-element_type=\"container\" data-e-type=\"container\" data-settings=\"{&quot;background_background&quot;:&quot;classic&quot;}\">\n\t\t\t\t<\/div>\n\t\t\t\t\t<\/div>\n\t\t\t\t<\/div>\n\t\t<div class=\"elementor-element elementor-element-fb89adf e-flex e-con-boxed e-con e-parent\" data-id=\"fb89adf\" data-element_type=\"container\" data-e-type=\"container\" data-settings=\"{&quot;background_background&quot;:&quot;classic&quot;}\">\n\t\t\t\t\t<div class=\"e-con-inner\">\n\t\t<div class=\"elementor-element elementor-element-9248029 e-con-full e-flex e-con e-child\" data-id=\"9248029\" data-element_type=\"container\" data-e-type=\"container\" data-settings=\"{&quot;background_background&quot;:&quot;classic&quot;}\">\n\t\t<div class=\"elementor-element elementor-element-6555021 e-con-full e-flex e-con e-child\" data-id=\"6555021\" data-element_type=\"container\" data-e-type=\"container\">\n\t\t\t\t<div class=\"elementor-element elementor-element-b12f308 elementor-widget elementor-widget-heading\" data-id=\"b12f308\" data-element_type=\"widget\" data-e-type=\"widget\" data-widget_type=\"heading.default\">\n\t\t\t\t\t<h2 class=\"elementor-heading-title elementor-size-default\">Preisgestaltung<\/h2>\t\t\t\t<\/div>\n\t\t<div class=\"elementor-element elementor-element-0ffa4db e-con-full e-flex e-con e-child\" data-id=\"0ffa4db\" data-element_type=\"container\" data-e-type=\"container\">\n\t\t<div class=\"elementor-element elementor-element-5e0fe1c e-con-full e-flex e-con e-child\" data-id=\"5e0fe1c\" data-element_type=\"container\" data-e-type=\"container\" data-settings=\"{&quot;background_background&quot;:&quot;classic&quot;}\">\n\t\t\t\t<div class=\"elementor-element elementor-element-2edd88f elementor-widget elementor-widget-text-editor\" data-id=\"2edd88f\" data-element_type=\"widget\" data-e-type=\"widget\" data-widget_type=\"text-editor.default\">\n\t\t\t\t\t\t\t\t\tGeb\u00fchr f\u00fcr die Unterkunft: <span style=\"color: #753bbd;\">\u20ac39<\/span>\t\t\t\t\t\t\t\t<\/div>\n\t\t\t\t<div class=\"elementor-element elementor-element-05cd78e elementor-widget-mobile__width-initial elementor-widget elementor-widget-text-editor\" data-id=\"05cd78e\" data-element_type=\"widget\" data-e-type=\"widget\" data-widget_type=\"text-editor.default\">\n\t\t\t\t\t\t\t\t\tDie Unterkunftsgeb\u00fchr deckt die Verwaltungskosten wie Vermittlung, Koordination und Hilfe bei der Suche nach Wohnungen zu fairen Preisen. Cronopios Idiomas erh\u00e4lt jedoch keine zus\u00e4tzliche Provision f\u00fcr Ihre Unterkunft. \t\t\t\t\t\t\t\t<\/div>\n\t\t\t\t<\/div>\n\t\t\t\t<\/div>\n\t\t\t\t<div class=\"elementor-element elementor-element-6f9dd14 elementor-widget elementor-widget-spacer\" data-id=\"6f9dd14\" data-element_type=\"widget\" data-e-type=\"widget\" data-widget_type=\"spacer.default\">\n\t\t\t\t\t\t\t<div class=\"elementor-spacer\">\n\t\t\t<div class=\"elementor-spacer-inner\"><\/div>\n\t\t<\/div>\n\t\t\t\t\t\t<\/div>\n\t\t<div class=\"elementor-element elementor-element-77ec977 e-con-full e-flex e-con e-child\" data-id=\"77ec977\" data-element_type=\"container\" data-e-type=\"container\">\n\t\t<div class=\"elementor-element elementor-element-3257285 e-con-full e-flex e-con e-child\" data-id=\"3257285\" data-element_type=\"container\" data-e-type=\"container\" data-settings=\"{&quot;background_background&quot;:&quot;classic&quot;}\">\n\t\t\t\t<div class=\"elementor-element elementor-element-f99f2c3 elementor-widget elementor-widget-text-editor\" data-id=\"f99f2c3\" data-element_type=\"widget\" data-e-type=\"widget\" data-widget_type=\"text-editor.default\">\n\t\t\t\t\t\t\t\t\t<p>Einzelzimmer<\/p>\t\t\t\t\t\t\t\t<\/div>\n\t\t\t\t<\/div>\n\t\t<div class=\"elementor-element elementor-element-e18e9d3 e-con-full e-flex e-con e-child\" data-id=\"e18e9d3\" data-element_type=\"container\" data-e-type=\"container\">\n\t\t\t\t<div class=\"elementor-element elementor-element-fb69da4 elementor-widget-mobile__width-initial elementor-widget elementor-widget-text-editor\" data-id=\"fb69da4\" data-element_type=\"widget\" data-e-type=\"widget\" data-widget_type=\"text-editor.default\">\n\t\t\t\t\t\t\t\t\t<p>\u00dcbernachtung &amp; Fr\u00fchst\u00fcck<\/p>\t\t\t\t\t\t\t\t<\/div>\n\t\t\t\t<div class=\"elementor-element elementor-element-4deaeea elementor-widget__width-inherit elementor-widget elementor-widget-text-editor\" data-id=\"4deaeea\" data-element_type=\"widget\" data-e-type=\"widget\" data-widget_type=\"text-editor.default\">\n\t\t\t\t\t\t\t\t\t<p>160 \u20ac<\/p>\t\t\t\t\t\t\t\t<\/div>\n\t\t\t\t<div class=\"elementor-element elementor-element-e05c42a elementor-widget-mobile__width-initial elementor-widget elementor-widget-text-editor\" data-id=\"e05c42a\" data-element_type=\"widget\" data-e-type=\"widget\" data-widget_type=\"text-editor.default\">\n\t\t\t\t\t\t\t\t\t<p>pro Woche<\/p>\t\t\t\t\t\t\t\t<\/div>\n\t\t\t\t<\/div>\n\t\t<div class=\"elementor-element elementor-element-28d4830 e-con-full e-flex e-con e-child\" data-id=\"28d4830\" data-element_type=\"container\" data-e-type=\"container\">\n\t\t\t\t<div class=\"elementor-element elementor-element-57e0db3 elementor-widget-mobile__width-initial elementor-widget elementor-widget-text-editor\" data-id=\"57e0db3\" data-element_type=\"widget\" data-e-type=\"widget\" data-widget_type=\"text-editor.default\">\n\t\t\t\t\t\t\t\t\t<p>Halbpappe<\/p>\t\t\t\t\t\t\t\t<\/div>\n\t\t\t\t<div class=\"elementor-element elementor-element-f429151 elementor-widget__width-inherit elementor-widget elementor-widget-text-editor\" data-id=\"f429151\" data-element_type=\"widget\" data-e-type=\"widget\" data-widget_type=\"text-editor.default\">\n\t\t\t\t\t\t\t\t\t<p>195 \u20ac<\/p>\t\t\t\t\t\t\t\t<\/div>\n\t\t\t\t<div class=\"elementor-element elementor-element-12dd0d6 elementor-widget-mobile__width-initial elementor-widget elementor-widget-text-editor\" data-id=\"12dd0d6\" data-element_type=\"widget\" data-e-type=\"widget\" data-widget_type=\"text-editor.default\">\n\t\t\t\t\t\t\t\t\t<p>pro Woche<\/p>\t\t\t\t\t\t\t\t<\/div>\n\t\t\t\t<\/div>\n\t\t<div class=\"elementor-element elementor-element-f8cf683 e-con-full e-flex e-con e-child\" data-id=\"f8cf683\" data-element_type=\"container\" data-e-type=\"container\">\n\t\t\t\t<div class=\"elementor-element elementor-element-a30e769 elementor-widget-mobile__width-initial elementor-widget elementor-widget-text-editor\" data-id=\"a30e769\" data-element_type=\"widget\" data-e-type=\"widget\" data-widget_type=\"text-editor.default\">\n\t\t\t\t\t\t\t\t\t<p>Vollpension<\/p>\t\t\t\t\t\t\t\t<\/div>\n\t\t\t\t<div class=\"elementor-element elementor-element-a5a9c1f elementor-widget__width-inherit elementor-widget elementor-widget-text-editor\" data-id=\"a5a9c1f\" data-element_type=\"widget\" data-e-type=\"widget\" data-widget_type=\"text-editor.default\">\n\t\t\t\t\t\t\t\t\t<p>230 \u20ac<\/p>\t\t\t\t\t\t\t\t<\/div>\n\t\t\t\t<div class=\"elementor-element elementor-element-a8a0dd5 elementor-widget-mobile__width-initial elementor-widget elementor-widget-text-editor\" data-id=\"a8a0dd5\" data-element_type=\"widget\" data-e-type=\"widget\" data-widget_type=\"text-editor.default\">\n\t\t\t\t\t\t\t\t\t<p>pro Woche<\/p>\t\t\t\t\t\t\t\t<\/div>\n\t\t\t\t<\/div>\n\t\t<div class=\"elementor-element elementor-element-f9fd59e e-con-full e-flex e-con e-child\" data-id=\"f9fd59e\" data-element_type=\"container\" data-e-type=\"container\">\n\t\t\t\t<div class=\"elementor-element elementor-element-236424e elementor-widget-mobile__width-initial elementor-widget elementor-widget-text-editor\" data-id=\"236424e\" data-element_type=\"widget\" data-e-type=\"widget\" data-widget_type=\"text-editor.default\">\n\t\t\t\t\t\t\t\t\t<p>Extra Nacht<\/p>\t\t\t\t\t\t\t\t<\/div>\n\t\t\t\t<div class=\"elementor-element elementor-element-1a3b4d8 elementor-widget__width-inherit elementor-widget elementor-widget-text-editor\" data-id=\"1a3b4d8\" data-element_type=\"widget\" data-e-type=\"widget\" data-widget_type=\"text-editor.default\">\n\t\t\t\t\t\t\t\t\t<p>40\/45\/50\u20ac<\/p>\t\t\t\t\t\t\t\t<\/div>\n\t\t\t\t<div class=\"elementor-element elementor-element-03e03a7 elementor-widget-mobile__width-initial elementor-widget elementor-widget-text-editor\" data-id=\"03e03a7\" data-element_type=\"widget\" data-e-type=\"widget\" data-widget_type=\"text-editor.default\">\n\t\t\t\t\t\t\t\t\t<p>pro Nacht<\/p>\t\t\t\t\t\t\t\t<\/div>\n\t\t\t\t<\/div>\n\t\t\t\t<\/div>\n\t\t<div class=\"elementor-element elementor-element-8cafe86 e-con-full e-flex e-con e-child\" data-id=\"8cafe86\" data-element_type=\"container\" data-e-type=\"container\">\n\t\t<div class=\"elementor-element elementor-element-42ae26e e-con-full e-flex e-con e-child\" data-id=\"42ae26e\" data-element_type=\"container\" data-e-type=\"container\" data-settings=\"{&quot;background_background&quot;:&quot;classic&quot;}\">\n\t\t\t\t<div class=\"elementor-element elementor-element-112da7b elementor-widget elementor-widget-text-editor\" data-id=\"112da7b\" data-element_type=\"widget\" data-e-type=\"widget\" data-widget_type=\"text-editor.default\">\n\t\t\t\t\t\t\t\t\t<p>Zweibettzimmer<\/p>\t\t\t\t\t\t\t\t<\/div>\n\t\t\t\t<div class=\"elementor-element elementor-element-b929e65 elementor-widget-mobile__width-initial elementor-widget elementor-widget-text-editor\" data-id=\"b929e65\" data-element_type=\"widget\" data-e-type=\"widget\" data-widget_type=\"text-editor.default\">\n\t\t\t\t\t\t\t\t\t<p>(Preis pro Person)<\/p>\t\t\t\t\t\t\t\t<\/div>\n\t\t\t\t<\/div>\n\t\t<div class=\"elementor-element elementor-element-cf54a53 e-con-full e-flex e-con e-child\" data-id=\"cf54a53\" data-element_type=\"container\" data-e-type=\"container\">\n\t\t\t\t<div class=\"elementor-element elementor-element-980cd88 elementor-widget-mobile__width-initial elementor-widget elementor-widget-text-editor\" data-id=\"980cd88\" data-element_type=\"widget\" data-e-type=\"widget\" data-widget_type=\"text-editor.default\">\n\t\t\t\t\t\t\t\t\t<p>\u00dcbernachtung &amp; Fr\u00fchst\u00fcck<\/p>\t\t\t\t\t\t\t\t<\/div>\n\t\t\t\t<div class=\"elementor-element elementor-element-789bba5 elementor-widget__width-inherit elementor-widget elementor-widget-text-editor\" data-id=\"789bba5\" data-element_type=\"widget\" data-e-type=\"widget\" data-widget_type=\"text-editor.default\">\n\t\t\t\t\t\t\t\t\t<p>150 \u20ac<\/p>\t\t\t\t\t\t\t\t<\/div>\n\t\t\t\t<div class=\"elementor-element elementor-element-6c271d1 elementor-widget-mobile__width-initial elementor-widget elementor-widget-text-editor\" data-id=\"6c271d1\" data-element_type=\"widget\" data-e-type=\"widget\" data-widget_type=\"text-editor.default\">\n\t\t\t\t\t\t\t\t\t<p>pro Woche<\/p>\t\t\t\t\t\t\t\t<\/div>\n\t\t\t\t<\/div>\n\t\t<div class=\"elementor-element elementor-element-cc422db e-con-full e-flex e-con e-child\" data-id=\"cc422db\" data-element_type=\"container\" data-e-type=\"container\">\n\t\t\t\t<div class=\"elementor-element elementor-element-9eaf007 elementor-widget-mobile__width-initial elementor-widget elementor-widget-text-editor\" data-id=\"9eaf007\" data-element_type=\"widget\" data-e-type=\"widget\" data-widget_type=\"text-editor.default\">\n\t\t\t\t\t\t\t\t\t<p>Halbpappe<\/p>\t\t\t\t\t\t\t\t<\/div>\n\t\t\t\t<div class=\"elementor-element elementor-element-80ebe3a elementor-widget__width-inherit elementor-widget elementor-widget-text-editor\" data-id=\"80ebe3a\" data-element_type=\"widget\" data-e-type=\"widget\" data-widget_type=\"text-editor.default\">\n\t\t\t\t\t\t\t\t\t<p>185 \u20ac<\/p>\t\t\t\t\t\t\t\t<\/div>\n\t\t\t\t<div class=\"elementor-element elementor-element-c5afe1b elementor-widget-mobile__width-initial elementor-widget elementor-widget-text-editor\" data-id=\"c5afe1b\" data-element_type=\"widget\" data-e-type=\"widget\" data-widget_type=\"text-editor.default\">\n\t\t\t\t\t\t\t\t\t<p>pro Woche<\/p>\t\t\t\t\t\t\t\t<\/div>\n\t\t\t\t<\/div>\n\t\t<div class=\"elementor-element elementor-element-20c3d6c e-con-full e-flex e-con e-child\" data-id=\"20c3d6c\" data-element_type=\"container\" data-e-type=\"container\">\n\t\t\t\t<div class=\"elementor-element elementor-element-a213348 elementor-widget-mobile__width-initial elementor-widget elementor-widget-text-editor\" data-id=\"a213348\" data-element_type=\"widget\" data-e-type=\"widget\" data-widget_type=\"text-editor.default\">\n\t\t\t\t\t\t\t\t\t<p>Vollpension<\/p>\t\t\t\t\t\t\t\t<\/div>\n\t\t\t\t<div class=\"elementor-element elementor-element-6fe803d elementor-widget__width-inherit elementor-widget elementor-widget-text-editor\" data-id=\"6fe803d\" data-element_type=\"widget\" data-e-type=\"widget\" data-widget_type=\"text-editor.default\">\n\t\t\t\t\t\t\t\t\t<p>220 \u20ac<\/p>\t\t\t\t\t\t\t\t<\/div>\n\t\t\t\t<div class=\"elementor-element elementor-element-bb2dace elementor-widget-mobile__width-initial elementor-widget elementor-widget-text-editor\" data-id=\"bb2dace\" data-element_type=\"widget\" data-e-type=\"widget\" data-widget_type=\"text-editor.default\">\n\t\t\t\t\t\t\t\t\t<p>pro Woche<\/p>\t\t\t\t\t\t\t\t<\/div>\n\t\t\t\t<\/div>\n\t\t<div class=\"elementor-element elementor-element-195af39 e-con-full e-flex e-con e-child\" data-id=\"195af39\" data-element_type=\"container\" data-e-type=\"container\">\n\t\t\t\t<div class=\"elementor-element elementor-element-09f9c95 elementor-widget-mobile__width-initial elementor-widget elementor-widget-text-editor\" data-id=\"09f9c95\" data-element_type=\"widget\" data-e-type=\"widget\" data-widget_type=\"text-editor.default\">\n\t\t\t\t\t\t\t\t\t<p>Extra Nacht<\/p>\t\t\t\t\t\t\t\t<\/div>\n\t\t\t\t<div class=\"elementor-element elementor-element-cce11db elementor-widget__width-inherit elementor-widget elementor-widget-text-editor\" data-id=\"cce11db\" data-element_type=\"widget\" data-e-type=\"widget\" data-widget_type=\"text-editor.default\">\n\t\t\t\t\t\t\t\t\t<p>35\/40\/45\u20ac<\/p>\t\t\t\t\t\t\t\t<\/div>\n\t\t\t\t<div class=\"elementor-element elementor-element-3435e9e elementor-widget-mobile__width-initial elementor-widget elementor-widget-text-editor\" data-id=\"3435e9e\" data-element_type=\"widget\" data-e-type=\"widget\" data-widget_type=\"text-editor.default\">\n\t\t\t\t\t\t\t\t\t<p>pro Nacht<\/p>\t\t\t\t\t\t\t\t<\/div>\n\t\t\t\t<\/div>\n\t\t\t\t<\/div>\n\t\t<div class=\"elementor-element elementor-element-fe0fb9e e-con-full e-flex e-con e-child\" data-id=\"fe0fb9e\" data-element_type=\"container\" data-e-type=\"container\">\n\t\t\t\t<div class=\"elementor-element elementor-element-81bcb9f elementor-widget-mobile__width-initial elementor-widget elementor-widget-text-editor\" data-id=\"81bcb9f\" data-element_type=\"widget\" data-e-type=\"widget\" data-widget_type=\"text-editor.default\">\n\t\t\t\t\t\t\t\t\t<p><a title=\"Bedingungen f\u00fcr die Unterbringung in einer Gastfamilie\" href=\"https:\/\/cronopiosidiomas.com\/wp-content\/uploads\/2026\/04\/Alojamiento-en-familia-Clausula-Visado.pdf\" target=\"_blank\" rel=\"noopener\"><b>Siehe Bedingungen und Konditionen<\/b><\/a><\/p>\t\t\t\t\t\t\t\t<\/div>\n\t\t\t\t<\/div>\n\t\t\t\t<\/div>\n\t\t\t\t<\/div>\n\t\t\t\t\t<\/div>\n\t\t\t\t<\/div>\n\t\t<div class=\"elementor-element elementor-element-82398de e-flex e-con-boxed e-con e-parent\" data-id=\"82398de\" data-element_type=\"container\" data-e-type=\"container\">\n\t\t\t\t\t<div class=\"e-con-inner\">\n\t\t\t\t<div class=\"elementor-element elementor-element-2b67f54 elementor-widget-mobile__width-initial elementor-widget elementor-widget-text-editor\" data-id=\"2b67f54\" data-element_type=\"widget\" data-e-type=\"widget\" data-widget_type=\"text-editor.default\">\n\t\t\t\t\t\t\t\t\t<p>Diese Preise gelten f\u00fcr einen <strong>einw\u00f6chigen Aufenthalt<\/strong>, von <strong>Sonntag Ankunft<\/strong> bis <strong>Samstag Abreise<\/strong>. Jede Woche beginnt am <strong>Sonntag<\/strong> mit der Ankunft des Sch\u00fclers und endet am folgenden <strong>Samstag<\/strong> mit der Abreise. <\/p>\n\n<p>Wenn der Student <strong>fr\u00fcher<\/strong> ankommen oder <strong>sp\u00e4ter<\/strong> abreisen m\u00f6chte, muss er die Schule im Voraus informieren. F\u00fcr <strong>zus\u00e4tzliche N\u00e4chte<\/strong> wird ein Aufpreis erhoben. Weitere Einzelheiten entnehmen Sie bitte unseren <strong>Unterkunftsbedingungen<\/strong>. <\/p>\n\t\t\t\t\t\t\t\t<\/div>\n\t\t\t\t<div class=\"elementor-element elementor-element-7c2e010 elementor-mobile-align-center elementor-widget elementor-widget-button\" data-id=\"7c2e010\" data-element_type=\"widget\" data-e-type=\"widget\" data-widget_type=\"button.default\">\n\t\t\t\t\t\t\t\t\t\t<a class=\"elementor-button elementor-button-link elementor-size-sm\" href=\"https:\/\/cronopiosidiomas.com\/de\/kontaktieren-sie-uns\/\">\n\t\t\t\t\t\t<span class=\"elementor-button-content-wrapper\">\n\t\t\t\t\t\t\t\t\t<span class=\"elementor-button-text\">Erhalten Sie jetzt ein Angebot!<\/span>\n\t\t\t\t\t<\/span>\n\t\t\t\t\t<\/a>\n\t\t\t\t\t\t\t\t<\/div>\n\t\t\t\t\t<\/div>\n\t\t\t\t<\/div>\n\t\t\t\t<\/div>\n\t\t","protected":false},"excerpt":{"rendered":"<p>Finden Sie mit Cronopios Idiomas eine komfortable, studentenfreundliche Unterkunft in Madrid. Wir helfen Ihnen, sich wie zu Hause zu f\u00fchlen, w\u00e4hrend Sie im Herzen Spaniens Spanisch lernen. <\/p>\n","protected":false},"author":3,"featured_media":5493,"parent":0,"menu_order":0,"comment_status":"closed","ping_status":"closed","template":"elementor_header_footer","meta":{"footnotes":""},"class_list":["post-5654","page","type-page","status-publish","has-post-thumbnail","hentry"],"_links":{"self":[{"href":"https:\/\/cronopiosidiomas.com\/de\/wp-json\/wp\/v2\/pages\/5654","targetHints":{"allow":["GET"]}}],"collection":[{"href":"https:\/\/cronopiosidiomas.com\/de\/wp-json\/wp\/v2\/pages"}],"about":[{"href":"https:\/\/cronopiosidiomas.com\/de\/wp-json\/wp\/v2\/types\/page"}],"author":[{"embeddable":true,"href":"https:\/\/cronopiosidiomas.com\/de\/wp-json\/wp\/v2\/users\/3"}],"replies":[{"embeddable":true,"href":"https:\/\/cronopiosidiomas.com\/de\/wp-json\/wp\/v2\/comments?post=5654"}],"version-history":[{"count":2,"href":"https:\/\/cronopiosidiomas.com\/de\/wp-json\/wp\/v2\/pages\/5654\/revisions"}],"predecessor-version":[{"id":9543,"href":"https:\/\/cronopiosidiomas.com\/de\/wp-json\/wp\/v2\/pages\/5654\/revisions\/9543"}],"wp:featuredmedia":[{"embeddable":true,"href":"https:\/\/cronopiosidiomas.com\/de\/wp-json\/wp\/v2\/media\/5493"}],"wp:attachment":[{"href":"https:\/\/cronopiosidiomas.com\/de\/wp-json\/wp\/v2\/media?parent=5654"}],"curies":[{"name":"wp","href":"https:\/\/api.w.org\/{rel}","templated":true}]}}